{"id":71,"date":"2025-08-13T06:32:41","date_gmt":"2025-08-13T06:32:41","guid":{"rendered":"https:\/\/radomed.net\/?page_id=71"},"modified":"2026-02-27T08:24:37","modified_gmt":"2026-02-27T08:24:37","slug":"pocetna","status":"publish","type":"page","link":"https:\/\/radomed.net\/sr\/","title":{"rendered":"Po\u010detna"},"content":{"rendered":"<p>[et_pb_section fb_built=&#8221;1&#8243; module_id=&#8221;hero-section&#8221; _builder_version=&#8221;4.27.4&#8243; _module_preset=&#8221;default&#8221; background_color=&#8221;#f5f5f5&#8243; background_image=&#8221;http:\/\/radomed.net\/wp-content\/uploads\/2025\/08\/image_01.webp&#8221; parallax=&#8221;on&#8221; custom_margin=&#8221;-7.5rem||||false|false&#8221; custom_padding=&#8221;7.5rem||0px||false|false&#8221; global_colors_info=&#8221;{}&#8221;][et_pb_row _builder_version=&#8221;4.27.4&#8243; _module_preset=&#8221;default&#8221; custom_padding=&#8221;6rem||6rem||false|false&#8221; global_colors_info=&#8221;{}&#8221;][et_pb_column type=&#8221;4_4&#8243; _builder_version=&#8221;4.27.4&#8243; _module_preset=&#8221;default&#8221; global_colors_info=&#8221;{}&#8221;][et_pb_code admin_label=&#8221;Mali naslov&#8221; _builder_version=&#8221;4.27.4&#8243; _module_preset=&#8221;b24fa3fa-8c2e-4ede-b5b1-9c0c85bea764&#8243; custom_margin=&#8221;||0.5rem||false|false&#8221; text_orientation_tablet=&#8221;&#8221; text_orientation_phone=&#8221;center&#8221; text_orientation_last_edited=&#8221;on|phone&#8221; global_colors_info=&#8221;{}&#8221;]Radomed[\/et_pb_code][et_pb_heading title=&#8221;Pouzdana oprema<br \/> za uspe\u0161no p\u010delarenje&#8221; _builder_version=&#8221;4.27.4&#8243; _module_preset=&#8221;3215d260-12f4-4ad1-9284-566b3bf086f8&#8243; custom_margin=&#8221;||1.5rem||false|false&#8221; title_text_align_tablet=&#8221;&#8221; title_text_align_phone=&#8221;center&#8221; title_text_align_last_edited=&#8221;on|phone&#8221; global_colors_info=&#8221;{}&#8221;][\/et_pb_heading][et_pb_text module_class=&#8221;large-text intro-text&#8221; _builder_version=&#8221;4.27.4&#8243; _module_preset=&#8221;default&#8221; text_text_color=&#8221;#1a1a1a&#8221; custom_margin=&#8221;||2rem||false|false&#8221; text_orientation_tablet=&#8221;&#8221; text_orientation_phone=&#8221;center&#8221; text_orientation_last_edited=&#8221;on|phone&#8221; global_colors_info=&#8221;{}&#8221;]<\/p>\n<p>RadoMed proizvodi kvalitetnu i pouzdanu opremu koja olak\u0161ava svakodnevni rad p\u010delara i doprinosi njihovom uspehu.<\/p>\n<p>[\/et_pb_text][bck_dual_button btn_a_text=&#8221;Katalog proizvoda&#8221; btn_a_link=&#8221;@ET-DC@eyJkeW5hbWljIjp0cnVlLCJjb250ZW50IjoicG9zdF9saW5rX3VybF9wYWdlIiwic2V0dGluZ3MiOnsicG9zdF9pZCI6IjM5NSJ9fQ==@&#8221; btn_b_text=&#8221;Kontaktirajte nas&#8221; btn_b_link=&#8221;@ET-DC@eyJkeW5hbWljIjp0cnVlLCJjb250ZW50IjoicG9zdF9saW5rX3VybF9wYWdlIiwic2V0dGluZ3MiOnsicG9zdF9pZCI6Ijc3NCJ9fQ==@&#8221; admin_label=&#8221;Duplo dugme&#8221; module_class=&#8221;double-btns&#8221; _builder_version=&#8221;4.27.4&#8243; _dynamic_attributes=&#8221;btn_a_link,btn_b_link&#8221; _module_preset=&#8221;default&#8221; global_colors_info=&#8221;{}&#8221;][\/bck_dual_button][\/et_pb_column][\/et_pb_row][\/et_pb_section][et_pb_section fb_built=&#8221;1&#8243; module_id=&#8221;about-us&#8221; module_class=&#8221;page-section&#8221; _builder_version=&#8221;4.27.4&#8243; _module_preset=&#8221;default&#8221; custom_padding=&#8221;6rem||6rem||false|false&#8221; global_colors_info=&#8221;{}&#8221;][et_pb_row column_structure=&#8221;1_2,1_2&#8243; module_class=&#8221;align-items-center&#8221; _builder_version=&#8221;4.27.4&#8243; _module_preset=&#8221;default&#8221; global_colors_info=&#8221;{}&#8221;][et_pb_column type=&#8221;1_2&#8243; module_class=&#8221;left-column&#8221; _builder_version=&#8221;4.27.4&#8243; _module_preset=&#8221;default&#8221; global_colors_info=&#8221;{}&#8221;][et_pb_image src=&#8221;http:\/\/radomed.net\/wp-content\/uploads\/2025\/08\/image_02.webp&#8221; admin_label=&#8221;Velika slika&#8221; module_class=&#8221;large-image&#8221; _builder_version=&#8221;4.27.4&#8243; _module_preset=&#8221;default&#8221; custom_margin=&#8221;0px||0px||false|false&#8221; global_colors_info=&#8221;{}&#8221;][\/et_pb_image][et_pb_image src=&#8221;http:\/\/radomed.net\/wp-content\/uploads\/2025\/08\/image_03.webp&#8221; admin_label=&#8221;Mala slika&#8221; module_class=&#8221;small-image&#8221; _builder_version=&#8221;4.27.4&#8243; _module_preset=&#8221;default&#8221; custom_margin=&#8221;0px||0px||false|false&#8221; global_colors_info=&#8221;{}&#8221;][\/et_pb_image][et_pb_code admin_label=&#8221;Broj telefona&#8221; module_class=&#8221;phone-wrapper&#8221; _builder_version=&#8221;4.27.4&#8243; _module_preset=&#8221;default&#8221; custom_margin=&#8221;0px||0px||false|false&#8221; hover_enabled=&#8221;0&#8243; global_colors_info=&#8221;{}&#8221; sticky_enabled=&#8221;0&#8243;]<\/p>\n<div class=\"data-block\"><!-- [et_pb_line_break_holder] -->  <\/p>\n<div class=\"icon-wrapper\"><!-- [et_pb_line_break_holder] -->    <i class=\"icon-phone\"><\/i><!-- [et_pb_line_break_holder] -->  <\/div>\n<p><!-- [et_pb_line_break_holder] -->  <\/p>\n<div class=\"data-wrapper\"><!-- [et_pb_line_break_holder] -->    <\/p>\n<div class=\"data-title\">Pozovite nas<\/div>\n<p><!-- [et_pb_line_break_holder] -->    <\/p>\n<div class=\"data-value\"><!-- [et_pb_line_break_holder] -->    \t<a href=\"te:+381631809999\">+381 63 180 9999<\/a><!-- [et_pb_line_break_holder] -->    <\/div>\n<p><!-- [et_pb_line_break_holder] -->    <\/p>\n<div class=\"data-value\"><!-- [et_pb_line_break_holder] -->    \t<a href=\"te:+38163512422\">+381 63 512 422<\/a><!-- [et_pb_line_break_holder] -->    <\/div>\n<p><!-- [et_pb_line_break_holder] -->  <\/div>\n<p><!-- [et_pb_line_break_holder] --><\/div>\n<p>[\/et_pb_code][\/et_pb_column][et_pb_column type=&#8221;1_2&#8243; module_class=&#8221;right-column&#8221; _builder_version=&#8221;4.27.4&#8243; _module_preset=&#8221;default&#8221; global_colors_info=&#8221;{}&#8221;][et_pb_code admin_label=&#8221;Mali naslov&#8221; _builder_version=&#8221;4.27.4&#8243; _module_preset=&#8221;b24fa3fa-8c2e-4ede-b5b1-9c0c85bea764&#8243; custom_margin=&#8221;||0.5rem||false|false&#8221; text_orientation_tablet=&#8221;&#8221; text_orientation_phone=&#8221;center&#8221; text_orientation_last_edited=&#8221;on|phone&#8221; global_colors_info=&#8221;{}&#8221;]O nama[\/et_pb_code][et_pb_heading title=&#8221;Posve\u0107eni razvoju i uspehu p\u010delara&#8221; _builder_version=&#8221;4.27.4&#8243; _module_preset=&#8221;3215d260-12f4-4ad1-9284-566b3bf086f8&#8243; title_level=&#8221;h2&#8243; custom_margin=&#8221;||1.5rem||false|false&#8221; title_text_align_tablet=&#8221;&#8221; title_text_align_phone=&#8221;center&#8221; title_text_align_last_edited=&#8221;on|phone&#8221; global_colors_info=&#8221;{}&#8221;][\/et_pb_heading][et_pb_text _builder_version=&#8221;4.27.4&#8243; _module_preset=&#8221;default&#8221; custom_margin=&#8221;||2rem||false|false&#8221; text_orientation_tablet=&#8221;&#8221; text_orientation_phone=&#8221;center&#8221; text_orientation_last_edited=&#8221;on|phone&#8221; global_colors_info=&#8221;{}&#8221;]<\/p>\n<p>Ve\u0107 godinama razvijamo i proizvodimo pouzdanu opremu za p\u010delarstvo, oslu\u0161kuju\u0107i potrebe i izazove sa kojima se p\u010delari susre\u0107u. Na\u0161 cilj je da svaka ko\u0161nica, alat i za\u0161titna oprema koju izradimo doprinesu zdravlju p\u010dela i zadovoljstvu onih koji ih neguju.<\/p>\n<p>[\/et_pb_text][et_pb_button button_url=&#8221;@ET-DC@eyJkeW5hbWljIjp0cnVlLCJjb250ZW50IjoicG9zdF9saW5rX3VybF9wYWdlIiwic2V0dGluZ3MiOnsicG9zdF9pZCI6Ijc0OCJ9fQ==@&#8221; button_text=&#8221;Saznaj vi\u0161e&#8221; button_alignment_tablet=&#8221;&#8221; button_alignment_phone=&#8221;center&#8221; button_alignment_last_edited=&#8221;on|phone&#8221; admin_label=&#8221;Dugme&#8221; _builder_version=&#8221;4.27.4&#8243; _dynamic_attributes=&#8221;button_url&#8221; _module_preset=&#8221;default&#8221; custom_css_after=&#8221;content: &#8216;%92e917&#8217;;||display: block !important;&#8221; global_colors_info=&#8221;{}&#8221;][\/et_pb_button][\/et_pb_column][\/et_pb_row][\/et_pb_section][et_pb_section fb_built=&#8221;1&#8243; module_id=&#8221;catalog-section&#8221; module_class=&#8221;page-section&#8221; _builder_version=&#8221;4.27.4&#8243; _module_preset=&#8221;default&#8221; background_color=&#8221;#f5f5f5&#8243; custom_padding=&#8221;6rem||6rem||false|false&#8221; global_colors_info=&#8221;{}&#8221;][et_pb_row module_class=&#8221;row_1&#8243; _builder_version=&#8221;4.27.4&#8243; _module_preset=&#8221;default&#8221; max_width=&#8221;600px&#8221; custom_margin=&#8221;||3rem||false|false&#8221; global_colors_info=&#8221;{}&#8221;][et_pb_column type=&#8221;4_4&#8243; _builder_version=&#8221;4.27.4&#8243; _module_preset=&#8221;default&#8221; global_colors_info=&#8221;{}&#8221;][et_pb_code admin_label=&#8221;Mali naslov&#8221; _builder_version=&#8221;4.27.4&#8243; _module_preset=&#8221;b24fa3fa-8c2e-4ede-b5b1-9c0c85bea764&#8243; text_orientation=&#8221;center&#8221; custom_margin=&#8221;||0.5rem||false|false&#8221; global_colors_info=&#8221;{}&#8221;]Kategorije proizvoda[\/et_pb_code][et_pb_heading title=&#8221;Sve za savremeno p\u010delarstvo&#8221; _builder_version=&#8221;4.27.4&#8243; _module_preset=&#8221;3215d260-12f4-4ad1-9284-566b3bf086f8&#8243; title_level=&#8221;h2&#8243; title_text_align=&#8221;center&#8221; custom_margin=&#8221;||1.5rem||false|false&#8221; global_colors_info=&#8221;{}&#8221;][\/et_pb_heading][et_pb_text _builder_version=&#8221;4.27.4&#8243; _module_preset=&#8221;default&#8221; text_orientation=&#8221;center&#8221; custom_margin=&#8221;||0px||false|false&#8221; global_colors_info=&#8221;{}&#8221;]<\/p>\n<p>Od ko\u0161nica i centrifuga do za\u0161titne opreme, alata i ambala\u017ee<br \/>\n\u2013 sve \u0161to vam je potrebno za moderan i uspe\u0161an p\u010delinjak.<\/p>\n<p>[\/et_pb_text][\/et_pb_column][\/et_pb_row][et_pb_row module_class=&#8221;row_2&#8243; _builder_version=&#8221;4.27.4&#8243; _module_preset=&#8221;default&#8221; custom_margin=&#8221;||||false|false&#8221; global_colors_info=&#8221;{}&#8221;][et_pb_column type=&#8221;4_4&#8243; module_class=&#8221;cards-group&#8221; _builder_version=&#8221;4.27.4&#8243; _module_preset=&#8221;default&#8221; global_colors_info=&#8221;{}&#8221;][bck_icon_box use_image=&#8221;on&#8221; icon_image=&#8221;http:\/\/radomed.net\/wp-content\/uploads\/2025\/08\/cat_icon_01.svg&#8221; title=&#8221;Ko\u0161nice i njeni delovi&#8221; admin_label=&#8221;Ko\u0161nice i njeni delovi&#8221; _builder_version=&#8221;4.27.4&#8243; _module_preset=&#8221;default&#8221; title_level=&#8221;h3&#8243; link_option_url=&#8221;\/katalog\/kosnice-i-njeni-delovi\/&#8221; global_colors_info=&#8221;{}&#8221;][\/bck_icon_box][bck_icon_box use_image=&#8221;on&#8221; icon_image=&#8221;http:\/\/radomed.net\/wp-content\/uploads\/2025\/08\/cat_icon_02.svg&#8221; title=&#8221;Pribor za vrcanje meda&#8221; admin_label=&#8221;Pribor za vrcanje meda&#8221; _builder_version=&#8221;4.27.4&#8243; _module_preset=&#8221;default&#8221; title_level=&#8221;h3&#8243; link_option_url=&#8221;\/katalog\/pribor-za-vrcanje-meda\/&#8221; global_colors_info=&#8221;{}&#8221;][\/bck_icon_box][bck_icon_box use_image=&#8221;on&#8221; icon_image=&#8221;http:\/\/radomed.net\/wp-content\/uploads\/2025\/08\/cat_icon_03.svg&#8221; title=&#8221;Pomagala i pribor za topljenje voska&#8221; admin_label=&#8221;Pomagala i pribor za topljenje voska&#8221; _builder_version=&#8221;4.27.4&#8243; _module_preset=&#8221;default&#8221; title_level=&#8221;h3&#8243; link_option_url=&#8221;\/katalog\/pomagala-i-pribor-za-topljenje-voska\/&#8221; global_colors_info=&#8221;{}&#8221;][\/bck_icon_box][bck_icon_box use_image=&#8221;on&#8221; icon_image=&#8221;http:\/\/radomed.net\/wp-content\/uploads\/2025\/08\/cat_icon_04.svg&#8221; title=&#8221;Komore za dekristalizaciju meda&#8221; admin_label=&#8221;Komore za dekristalizaciju meda&#8221; _builder_version=&#8221;4.27.4&#8243; _module_preset=&#8221;default&#8221; title_level=&#8221;h3&#8243; link_option_url=&#8221;\/katalog\/komore-za-dekristalizaciju-meda\/&#8221; global_colors_info=&#8221;{}&#8221;][\/bck_icon_box][bck_icon_box use_image=&#8221;on&#8221; icon_image=&#8221;http:\/\/radomed.net\/wp-content\/uploads\/2025\/08\/cat_icon_05.svg&#8221; title=&#8221;Za\u0161titna sredstva&#8221; admin_label=&#8221;Za\u0161titna sredstva&#8221; _builder_version=&#8221;4.27.4&#8243; _module_preset=&#8221;default&#8221; title_level=&#8221;h3&#8243; link_option_url=&#8221;\/katalog\/zastitna-sredstva\/&#8221; global_colors_info=&#8221;{}&#8221;][\/bck_icon_box][bck_icon_box use_image=&#8221;on&#8221; icon_image=&#8221;http:\/\/radomed.net\/wp-content\/uploads\/2025\/08\/cat_icon_06.svg&#8221; title=&#8221;Duplikatori&#8221; admin_label=&#8221;Duplikatori&#8221; _builder_version=&#8221;4.27.4&#8243; _module_preset=&#8221;default&#8221; title_level=&#8221;h3&#8243; link_option_url=&#8221;\/katalog\/duplikatori\/&#8221; global_colors_info=&#8221;{}&#8221;][\/bck_icon_box][bck_icon_box use_image=&#8221;on&#8221; icon_image=&#8221;http:\/\/radomed.net\/wp-content\/uploads\/2025\/08\/cat_icon_07.svg&#8221; title=&#8221;Oprema za pravljenje poga\u010da&#8221; admin_label=&#8221;Oprema za pravljenje poga\u010da&#8221; _builder_version=&#8221;4.27.4&#8243; _module_preset=&#8221;default&#8221; title_level=&#8221;h3&#8243; link_option_url=&#8221;\/katalog\/oprema-za-pravljenje-pogaca\/&#8221; global_colors_info=&#8221;{}&#8221;][\/bck_icon_box][bck_icon_box use_image=&#8221;on&#8221; icon_image=&#8221;http:\/\/radomed.net\/wp-content\/uploads\/2025\/08\/cat_icon_08.svg&#8221; title=&#8221;Kante za med, rakiju i vino&#8221; admin_label=&#8221;Kante za med, rakiju i vino&#8221; _builder_version=&#8221;4.27.4&#8243; _module_preset=&#8221;default&#8221; title_level=&#8221;h3&#8243; link_option_url=&#8221;\/katalog\/kante-za-med-rakiju-i-vino\/&#8221; global_colors_info=&#8221;{}&#8221;][\/bck_icon_box][bck_icon_box use_image=&#8221;on&#8221; icon_image=&#8221;http:\/\/radomed.net\/wp-content\/uploads\/2025\/08\/cat_icon_09.svg&#8221; title=&#8221;Oprema za otklapanje meda&#8221; admin_label=&#8221;Oprema za otklapanje meda&#8221; _builder_version=&#8221;4.27.4&#8243; _module_preset=&#8221;default&#8221; title_level=&#8221;h3&#8243; link_option_url=&#8221;\/katalog\/oprema-za-otklapanje-meda\/&#8221; global_colors_info=&#8221;{}&#8221;][\/bck_icon_box][bck_icon_box use_image=&#8221;on&#8221; icon_image=&#8221;http:\/\/radomed.net\/wp-content\/uploads\/2025\/08\/cat_icon_10.svg&#8221; title=&#8221;Program od plastike&#8221; admin_label=&#8221;Program od plastike&#8221; _builder_version=&#8221;4.27.4&#8243; _module_preset=&#8221;default&#8221; title_level=&#8221;h3&#8243; link_option_url=&#8221;\/katalog\/program-od-plastike\/&#8221; global_colors_info=&#8221;{}&#8221;][\/bck_icon_box][bck_icon_box use_image=&#8221;on&#8221; icon_image=&#8221;http:\/\/radomed.net\/wp-content\/uploads\/2025\/08\/cat_icon_11.svg&#8221; title=&#8221;Pribor i alati&#8221; admin_label=&#8221;Pribor i alati&#8221; _builder_version=&#8221;4.27.4&#8243; _module_preset=&#8221;default&#8221; title_level=&#8221;h3&#8243; link_option_url=&#8221;\/katalog\/pribor-i-alati\/&#8221; global_colors_info=&#8221;{}&#8221;][\/bck_icon_box][bck_icon_box use_image=&#8221;on&#8221; icon_image=&#8221;http:\/\/radomed.net\/wp-content\/uploads\/2025\/08\/cat_icon_12.svg&#8221; title=&#8221;P\u010delarska \u017eica na kalemu&#8221; admin_label=&#8221;P\u010delarska \u017eica na kalemu&#8221; _builder_version=&#8221;4.27.4&#8243; _module_preset=&#8221;default&#8221; title_level=&#8221;h3&#8243; link_option_url=&#8221;\/katalog\/pcelarska-zica-na-kalemu\/&#8221; global_colors_info=&#8221;{}&#8221;][\/bck_icon_box][bck_icon_box use_image=&#8221;on&#8221; icon_image=&#8221;http:\/\/radomed.net\/wp-content\/uploads\/2025\/10\/cat_icon_13.svg&#8221; title=&#8221;Hrana za p\u010dele i satne osnove&#8221; admin_label=&#8221;P\u010delarska \u017eica na kalemu&#8221; _builder_version=&#8221;4.27.4&#8243; _module_preset=&#8221;default&#8221; title_level=&#8221;h3&#8243; link_option_url=&#8221;\/katalog\/hrana-za-pcele-i-satne-osnove\/&#8221; global_colors_info=&#8221;{}&#8221;][\/bck_icon_box][\/et_pb_column][\/et_pb_row][\/et_pb_section][et_pb_section fb_built=&#8221;1&#8243; module_id=&#8221;featured-products&#8221; module_class=&#8221;page-section&#8221; _builder_version=&#8221;4.27.4&#8243; _module_preset=&#8221;default&#8221; custom_padding=&#8221;6rem||6rem||false|false&#8221; global_colors_info=&#8221;{}&#8221;][et_pb_row module_class=&#8221;row_1&#8243; _builder_version=&#8221;4.27.4&#8243; _module_preset=&#8221;default&#8221; max_width=&#8221;600px&#8221; custom_margin=&#8221;||3rem||false|false&#8221; global_colors_info=&#8221;{}&#8221;][et_pb_column type=&#8221;4_4&#8243; _builder_version=&#8221;4.27.4&#8243; _module_preset=&#8221;default&#8221; global_colors_info=&#8221;{}&#8221;][et_pb_code admin_label=&#8221;Mali naslov&#8221; _builder_version=&#8221;4.27.4&#8243; _module_preset=&#8221;b24fa3fa-8c2e-4ede-b5b1-9c0c85bea764&#8243; text_orientation=&#8221;center&#8221; custom_margin=&#8221;||0.5rem||false|false&#8221; global_colors_info=&#8221;{}&#8221;]Istaknuti proizvodi[\/et_pb_code][et_pb_heading title=&#8221;Provereni izbor iskusnih p\u010delara&#8221; _builder_version=&#8221;4.27.4&#8243; _module_preset=&#8221;3215d260-12f4-4ad1-9284-566b3bf086f8&#8243; title_level=&#8221;h2&#8243; title_text_align=&#8221;center&#8221; custom_margin=&#8221;||1.5rem||false|false&#8221; global_colors_info=&#8221;{}&#8221;][\/et_pb_heading][et_pb_text _builder_version=&#8221;4.27.4&#8243; _module_preset=&#8221;default&#8221; text_orientation=&#8221;center&#8221; custom_margin=&#8221;||||false|false&#8221; global_colors_info=&#8221;{}&#8221;]<\/p>\n<p>Izdvojili smo proizvode koji su me\u0111u p\u010delarima postali sinonim za kvalitet i prakti\u010dnost. Ovi alati i oprema dokazali su se u radu, pru\u017eaju\u0107i pouzdana re\u0161enja za svaki p\u010delinjak.<\/p>\n<p>[\/et_pb_text][\/et_pb_column][\/et_pb_row][et_pb_row module_class=&#8221;row_2&#8243; _builder_version=&#8221;4.27.4&#8243; _module_preset=&#8221;default&#8221; global_colors_info=&#8221;{}&#8221;][et_pb_column type=&#8221;4_4&#8243; _builder_version=&#8221;4.27.4&#8243; _module_preset=&#8221;default&#8221; global_colors_info=&#8221;{}&#8221;][wdc_product_carousel autoplay_speed=&#8221;4000ms&#8221; nav_pagi=&#8221;pagi&#8221; slide_count=&#8221;4&#8243; slide_spacing=&#8221;16px&#8221; is_infinite=&#8221;off&#8221; layout=&#8221;v2&#8243; product_count=&#8221;6&#8243; show_parent_category=&#8221;off&#8221; show_price=&#8221;off&#8221; show_review=&#8221;off&#8221; show_cart_msg=&#8221;off&#8221; slide_count_tablet=&#8221;3&#8243; slide_count_phone=&#8221;2&#8243; slide_count_last_edited=&#8221;on|phone&#8221; _builder_version=&#8221;4.27.4&#8243; _module_preset=&#8221;default&#8221; global_colors_info=&#8221;{}&#8221;][\/wdc_product_carousel][\/et_pb_column][\/et_pb_row][\/et_pb_section]<\/p>\n","protected":false},"excerpt":{"rendered":"<p>RadoMed proizvodi kvalitetnu i pouzdanu opremu koja olak\u0161ava svakodnevni rad p\u010delara i doprinosi njihovom uspehu.<div class=\"et_pb_module bck_dual_button bck_dual_button_0 double-btns\">\n\t\t\t\t\n\t\t\t\t\n\t\t\t\t\n\t\t\t\t\n\t\t\t\t\n\t\t\t\t\n\t\t\t\t<div class=\"et_pb_module_inner\">\n\t\t\t\t\t\r\n\t\t\t<div class=\"bck-module bck-dual-btn content-left\">\r\n\t\t\t\t<div class=\"bck-btn-wrap\">\r\n\t\t\t\t\t<a class=\"et_pb_button btn-el btn-el--primary\" href=\"\">Katalog proizvoda<\/a> \r\n\t\t\t\t<\/div>\r\n\t\t\t\t<div class=\"bck-btn-wrap\">\r\n\t\t\t\t\t<a class=\"et_pb_button btn-el btn-el--secondary\" href=\"\">Kontaktirajte nas<\/a>\r\n\t\t\t\t<\/div>\r\n\t\t\t<\/div>\n\t\t\t\t<\/div>\n\t\t\t<\/div>Ve\u0107 godinama razvijamo i proizvodimo pouzdanu opremu za p\u010delarstvo, oslu\u0161kuju\u0107i potrebe i izazove sa kojima se p\u010delari susre\u0107u. Na\u0161 cilj je da svaka ko\u0161nica, alat i za\u0161titna oprema [&hellip;]<\/p>\n","protected":false},"author":1,"featured_media":0,"parent":0,"menu_order":0,"comment_status":"closed","ping_status":"closed","template":"","meta":{"_et_pb_use_builder":"on","_et_pb_old_content":"","_et_gb_content_width":"","footnotes":""},"class_list":["post-71","page","type-page","status-publish","hentry"],"yoast_head":"<!-- This site is optimized with the Yoast SEO plugin v26.4 - https:\/\/yoast.com\/wordpress\/plugins\/seo\/ -->\n<title>Po\u010detna - RadoMed<\/title>\n<meta name=\"robots\" content=\"index, follow, max-snippet:-1, max-image-preview:large, max-video-preview:-1\" \/>\n<link rel=\"canonical\" href=\"https:\/\/radomed.net\/en\/\" \/>\n<meta property=\"og:locale\" content=\"en_US\" \/>\n<meta property=\"og:type\" content=\"article\" \/>\n<meta property=\"og:title\" content=\"Po\u010detna - RadoMed\" \/>\n<meta property=\"og:description\" content=\"RadoMed proizvodi kvalitetnu i pouzdanu opremu koja olak\u0161ava svakodnevni rad p\u010delara i doprinosi njihovom uspehu.Ve\u0107 godinama razvijamo i proizvodimo pouzdanu opremu za p\u010delarstvo, oslu\u0161kuju\u0107i potrebe i izazove sa kojima se p\u010delari susre\u0107u. Na\u0161 cilj je da svaka ko\u0161nica, alat i za\u0161titna oprema [&hellip;]\" \/>\n<meta property=\"og:url\" content=\"https:\/\/radomed.net\/sr\/\" \/>\n<meta property=\"og:site_name\" content=\"RadoMed\" \/>\n<meta property=\"article:modified_time\" content=\"2026-02-27T08:24:37+00:00\" \/>\n<meta name=\"twitter:card\" content=\"summary_large_image\" \/>\n<meta name=\"twitter:label1\" content=\"Est. reading time\" \/>\n\t<meta name=\"twitter:data1\" content=\"8 minutes\" \/>\n<script type=\"application\/ld+json\" class=\"yoast-schema-graph\">{\"@context\":\"https:\/\/schema.org\",\"@graph\":[{\"@type\":\"WebPage\",\"@id\":\"https:\/\/radomed.net\/sr\/\",\"url\":\"https:\/\/radomed.net\/sr\/\",\"name\":\"Po\u010detna - RadoMed\",\"isPartOf\":{\"@id\":\"https:\/\/radomed.net\/#website\"},\"datePublished\":\"2025-08-13T06:32:41+00:00\",\"dateModified\":\"2026-02-27T08:24:37+00:00\",\"breadcrumb\":{\"@id\":\"https:\/\/radomed.net\/sr\/#breadcrumb\"},\"inLanguage\":\"en-US\",\"potentialAction\":[{\"@type\":\"ReadAction\",\"target\":[\"https:\/\/radomed.net\/sr\/\"]}]},{\"@type\":\"BreadcrumbList\",\"@id\":\"https:\/\/radomed.net\/sr\/#breadcrumb\",\"itemListElement\":[{\"@type\":\"ListItem\",\"position\":1,\"name\":\"Po\u010detna\",\"item\":\"https:\/\/radomed.net\/\"},{\"@type\":\"ListItem\",\"position\":2,\"name\":\"Po\u010detna\"}]},{\"@type\":\"WebSite\",\"@id\":\"https:\/\/radomed.net\/#website\",\"url\":\"https:\/\/radomed.net\/\",\"name\":\"RadoMed\",\"description\":\"Sve za p\u010delarstvo na jednom mestu\",\"potentialAction\":[{\"@type\":\"SearchAction\",\"target\":{\"@type\":\"EntryPoint\",\"urlTemplate\":\"https:\/\/radomed.net\/?s={search_term_string}\"},\"query-input\":{\"@type\":\"PropertyValueSpecification\",\"valueRequired\":true,\"valueName\":\"search_term_string\"}}],\"inLanguage\":\"en-US\"}]}<\/script>\n<!-- \/ Yoast SEO plugin. -->","yoast_head_json":{"title":"Po\u010detna - RadoMed","robots":{"index":"index","follow":"follow","max-snippet":"max-snippet:-1","max-image-preview":"max-image-preview:large","max-video-preview":"max-video-preview:-1"},"canonical":"https:\/\/radomed.net\/en\/","og_locale":"en_US","og_type":"article","og_title":"Po\u010detna - RadoMed","og_description":"RadoMed proizvodi kvalitetnu i pouzdanu opremu koja olak\u0161ava svakodnevni rad p\u010delara i doprinosi njihovom uspehu.Ve\u0107 godinama razvijamo i proizvodimo pouzdanu opremu za p\u010delarstvo, oslu\u0161kuju\u0107i potrebe i izazove sa kojima se p\u010delari susre\u0107u. Na\u0161 cilj je da svaka ko\u0161nica, alat i za\u0161titna oprema [&hellip;]","og_url":"https:\/\/radomed.net\/sr\/","og_site_name":"RadoMed","article_modified_time":"2026-02-27T08:24:37+00:00","twitter_card":"summary_large_image","twitter_misc":{"Est. reading time":"8 minutes"},"schema":{"@context":"https:\/\/schema.org","@graph":[{"@type":"WebPage","@id":"https:\/\/radomed.net\/sr\/","url":"https:\/\/radomed.net\/sr\/","name":"Po\u010detna - RadoMed","isPartOf":{"@id":"https:\/\/radomed.net\/#website"},"datePublished":"2025-08-13T06:32:41+00:00","dateModified":"2026-02-27T08:24:37+00:00","breadcrumb":{"@id":"https:\/\/radomed.net\/sr\/#breadcrumb"},"inLanguage":"en-US","potentialAction":[{"@type":"ReadAction","target":["https:\/\/radomed.net\/sr\/"]}]},{"@type":"BreadcrumbList","@id":"https:\/\/radomed.net\/sr\/#breadcrumb","itemListElement":[{"@type":"ListItem","position":1,"name":"Po\u010detna","item":"https:\/\/radomed.net\/"},{"@type":"ListItem","position":2,"name":"Po\u010detna"}]},{"@type":"WebSite","@id":"https:\/\/radomed.net\/#website","url":"https:\/\/radomed.net\/","name":"RadoMed","description":"Sve za p\u010delarstvo na jednom mestu","potentialAction":[{"@type":"SearchAction","target":{"@type":"EntryPoint","urlTemplate":"https:\/\/radomed.net\/?s={search_term_string}"},"query-input":{"@type":"PropertyValueSpecification","valueRequired":true,"valueName":"search_term_string"}}],"inLanguage":"en-US"}]}},"_links":{"self":[{"href":"https:\/\/radomed.net\/en\/wp-json\/wp\/v2\/pages\/71","targetHints":{"allow":["GET"]}}],"collection":[{"href":"https:\/\/radomed.net\/en\/wp-json\/wp\/v2\/pages"}],"about":[{"href":"https:\/\/radomed.net\/en\/wp-json\/wp\/v2\/types\/page"}],"author":[{"embeddable":true,"href":"https:\/\/radomed.net\/en\/wp-json\/wp\/v2\/users\/1"}],"replies":[{"embeddable":true,"href":"https:\/\/radomed.net\/en\/wp-json\/wp\/v2\/comments?post=71"}],"version-history":[{"count":68,"href":"https:\/\/radomed.net\/en\/wp-json\/wp\/v2\/pages\/71\/revisions"}],"predecessor-version":[{"id":1947,"href":"https:\/\/radomed.net\/en\/wp-json\/wp\/v2\/pages\/71\/revisions\/1947"}],"wp:attachment":[{"href":"https:\/\/radomed.net\/en\/wp-json\/wp\/v2\/media?parent=71"}],"curies":[{"name":"wp","href":"https:\/\/api.w.org\/{rel}","templated":true}]}}