{"id":395,"date":"2025-08-14T06:46:36","date_gmt":"2025-08-14T06:46:36","guid":{"rendered":"https:\/\/radomed.net\/?page_id=395"},"modified":"2025-10-14T13:07:04","modified_gmt":"2025-10-14T13:07:04","slug":"katalog","status":"publish","type":"page","link":"https:\/\/radomed.net\/sr\/katalog\/","title":{"rendered":"Katalog"},"content":{"rendered":"<p>[et_pb_section fb_built=&#8221;1&#8243; module_class=&#8221;page-section&#8221; _builder_version=&#8221;4.27.4&#8243; _module_preset=&#8221;default&#8221; custom_padding=&#8221;6rem||6rem||false|false&#8221; global_colors_info=&#8221;{}&#8221;][et_pb_row module_class=&#8221;row_1&#8243; _builder_version=&#8221;4.27.4&#8243; _module_preset=&#8221;default&#8221; max_width=&#8221;600px&#8221; custom_margin=&#8221;||3rem||false|false&#8221; global_colors_info=&#8221;{}&#8221;][et_pb_column type=&#8221;4_4&#8243; _builder_version=&#8221;4.27.4&#8243; _module_preset=&#8221;default&#8221; global_colors_info=&#8221;{}&#8221;][et_pb_code admin_label=&#8221;Mali naslov&#8221; _builder_version=&#8221;4.27.4&#8243; _module_preset=&#8221;b24fa3fa-8c2e-4ede-b5b1-9c0c85bea764&#8243; text_orientation=&#8221;center&#8221; custom_margin=&#8221;||0.5rem||false|false&#8221; global_colors_info=&#8221;{}&#8221;]Kategorije proizvoda[\/et_pb_code][et_pb_heading title=&#8221;Sve za savremeno p\u010delarstvo&#8221; _builder_version=&#8221;4.27.4&#8243; _module_preset=&#8221;3215d260-12f4-4ad1-9284-566b3bf086f8&#8243; title_level=&#8221;h2&#8243; title_text_align=&#8221;center&#8221; custom_margin=&#8221;||1.5rem||false|false&#8221; global_colors_info=&#8221;{}&#8221;][\/et_pb_heading][et_pb_text _builder_version=&#8221;4.27.4&#8243; _module_preset=&#8221;default&#8221; text_orientation=&#8221;center&#8221; custom_margin=&#8221;||0px||false|false&#8221; global_colors_info=&#8221;{}&#8221;]<\/p>\n<p>Od ko\u0161nica i centrifuga do za\u0161titne opreme, alata i ambala\u017ee<br \/>\n\u2013 sve \u0161to vam je potrebno za moderan i uspe\u0161an p\u010delinjak.<\/p>\n<p>[\/et_pb_text][\/et_pb_column][\/et_pb_row][et_pb_row module_class=&#8221;row_2&#8243; _builder_version=&#8221;4.27.4&#8243; _module_preset=&#8221;default&#8221; global_colors_info=&#8221;{}&#8221;][et_pb_column type=&#8221;4_4&#8243; module_class=&#8221;category-boxes&#8221; _builder_version=&#8221;4.27.4&#8243; _module_preset=&#8221;default&#8221; global_colors_info=&#8221;{}&#8221;][bck_info_box photo=&#8221;http:\/\/radomed.net\/wp-content\/uploads\/2025\/08\/cat_img_01.webp&#8221; title=&#8221;Ko\u0161nice i njeni delovi&#8221; body_content=&#8221;<\/p>\n<h4>Stabilan dom za zdrava p\u010delinja dru\u0161tva<\/h4>\n<p>Kompletne ko\u0161nice i rezervni delovi izra\u0111eni po standardima savremenog p\u010delarstva, dugotrajni i prilago\u0111eni svim vremenskim uslovima.&#8221; use_button=&#8221;on&#8221; button_text=&#8221;Idi na kategoriju&#8221; button_link=&#8221;\/katalog\/kosnice-i-njeni-delovi\/&#8221; admin_label=&#8221;Ko\u0161nice i njeni delovi&#8221; _builder_version=&#8221;4.27.4&#8243; _module_preset=&#8221;default&#8221; title_level=&#8221;h3&#8243; global_colors_info=&#8221;{}&#8221;][\/bck_info_box][bck_info_box photo=&#8221;http:\/\/radomed.net\/wp-content\/uploads\/2025\/08\/cat_img_02.webp&#8221; title=&#8221;Pribor za vrcanje meda&#8221; body_content=&#8221;<\/p>\n<h4>Efikasno i jednostavno vrcanje<\/h4>\n<p>Kvalitetan pribor koji olak\u0161ava proces izdvajanja meda, uz o\u010duvanje njegovih prirodnih svojstava i \u010disto\u0107e.&#8221; use_button=&#8221;on&#8221; button_text=&#8221;Idi na kategoriju&#8221; button_link=&#8221;\/katalog\/pribor-za-vrcanje-meda\/&#8221; admin_label=&#8221;Pribor za vrcanje meda&#8221; _builder_version=&#8221;4.27.4&#8243; _module_preset=&#8221;default&#8221; title_level=&#8221;h3&#8243; global_colors_info=&#8221;{}&#8221;][\/bck_info_box][bck_info_box photo=&#8221;http:\/\/radomed.net\/wp-content\/uploads\/2025\/08\/cat_img_03.webp&#8221; title=&#8221;Pomagala i pribor za topljenje voska&#8221; body_content=&#8221;<\/p>\n<h4>Brza i prakti\u010dna prerada voska<\/h4>\n<p>Pouzdana re\u0161enja za topljenje voska koja omogu\u0107avaju maksimalnu iskoristivost i jednostavnu obradu.&#8221; use_button=&#8221;on&#8221; button_text=&#8221;Idi na kategoriju&#8221; button_link=&#8221;\/katalog\/pomagala-i-pribor-za-topljenje-voska\/&#8221; admin_label=&#8221;Pomagala i pribor za topljenje voska&#8221; _builder_version=&#8221;4.27.4&#8243; _module_preset=&#8221;default&#8221; title_level=&#8221;h3&#8243; global_colors_info=&#8221;{}&#8221;][\/bck_info_box][bck_info_box photo=&#8221;http:\/\/radomed.net\/wp-content\/uploads\/2025\/08\/cat_img_04.webp&#8221; title=&#8221;Komore za dekristalizaciju meda&#8221; body_content=&#8221;<\/p>\n<h4>Savr\u0161ena konzistencija meda tokom cele godine<\/h4>\n<p>Oprema koja obezbe\u0111uje kontrolisanu temperaturu za bezbednu i ujedna\u010denu dekristalizaciju meda.&#8221; use_button=&#8221;on&#8221; button_text=&#8221;Idi na kategoriju&#8221; button_link=&#8221;\/katalog\/komore-za-dekristalizaciju-meda&#8221; admin_label=&#8221;Komore za dekristalizaciju meda&#8221; _builder_version=&#8221;4.27.4&#8243; _module_preset=&#8221;default&#8221; title_level=&#8221;h3&#8243; global_colors_info=&#8221;{}&#8221;][\/bck_info_box][bck_info_box photo=&#8221;http:\/\/radomed.net\/wp-content\/uploads\/2025\/08\/cat_img_05.webp&#8221; title=&#8221;Za\u0161titna sredstva&#8221; body_content=&#8221;<\/p>\n<h4>Siguran rad u p\u010delinjaku<\/h4>\n<p>Oprema i ode\u0107a koja \u0161titi p\u010delara od uboda i vremenskih uslova, pru\u017eaju\u0107i udobnost i bezbednost pri radu.&#8221; use_button=&#8221;on&#8221; button_text=&#8221;Idi na kategoriju&#8221; button_link=&#8221;\/katalog\/zastitna-sredstva\/&#8221; admin_label=&#8221;Za\u0161titna sredstva&#8221; _builder_version=&#8221;4.27.4&#8243; _module_preset=&#8221;default&#8221; title_level=&#8221;h3&#8243; global_colors_info=&#8221;{}&#8221;][\/bck_info_box][bck_info_box photo=&#8221;http:\/\/radomed.net\/wp-content\/uploads\/2025\/08\/cat_img_06.webp&#8221; title=&#8221;Duplikatori&#8221; body_content=&#8221;<\/p>\n<h4>Precizno zagrevanje i \u010duvanje temperature<\/h4>\n<p>Profesionalni ure\u0111aji za kontrolisano zagrevanje i odr\u017eavanje te\u010dnosti na optimalnoj temperaturi.&#8221; use_button=&#8221;on&#8221; button_text=&#8221;Idi na kategoriju&#8221; button_link=&#8221;\/katalog\/duplikatori\/&#8221; admin_label=&#8221;Duplikatori&#8221; _builder_version=&#8221;4.27.4&#8243; _module_preset=&#8221;default&#8221; title_level=&#8221;h3&#8243; global_colors_info=&#8221;{}&#8221;][\/bck_info_box][bck_info_box photo=&#8221;http:\/\/radomed.net\/wp-content\/uploads\/2025\/08\/cat_img_07.webp&#8221; title=&#8221;Oprema za pravljenje poga\u010da&#8221; body_content=&#8221;<\/p>\n<h4>Brza i jednostavna priprema p\u010delinje hrane<\/h4>\n<p>Alati i pribor koji olak\u0161avaju pravljenje kvalitetnih poga\u010da za prihranu p\u010dela.&#8221; use_button=&#8221;on&#8221; button_text=&#8221;Idi na kategoriju&#8221; button_link=&#8221;\/katalog\/oprema-za-pravljenje-pogaca\/&#8221; admin_label=&#8221;Oprema za pravljenje poga\u010da&#8221; _builder_version=&#8221;4.27.4&#8243; _module_preset=&#8221;default&#8221; title_level=&#8221;h3&#8243; global_colors_info=&#8221;{}&#8221;][\/bck_info_box][bck_info_box photo=&#8221;http:\/\/radomed.net\/wp-content\/uploads\/2025\/08\/cat_img_08.webp&#8221; title=&#8221;Kante za med, rakiju i vino&#8221; body_content=&#8221;<\/p>\n<h4>Sigurno skladi\u0161tenje i transport<\/h4>\n<p>\u010cvrsti i higijenski kontejneri razli\u010ditih zapremina za \u010duvanje i prenos te\u010dnih proizvoda.&#8221; use_button=&#8221;on&#8221; button_text=&#8221;Idi na kategoriju&#8221; button_link=&#8221;\/katalog\/kante-za-med-rakiju-i-vino\/&#8221; admin_label=&#8221;Kante za med, rakiju i vino&#8221; _builder_version=&#8221;4.27.4&#8243; _module_preset=&#8221;default&#8221; title_level=&#8221;h3&#8243; global_colors_info=&#8221;{}&#8221;][\/bck_info_box][bck_info_box photo=&#8221;http:\/\/radomed.net\/wp-content\/uploads\/2025\/08\/cat_img_09.webp&#8221; title=&#8221;Oprema za otklapanje meda&#8221; body_content=&#8221;<\/p>\n<h4>\u010cisto i efikasno otklapanje sa\u0107a<\/h4>\n<p>No\u017eevi, vilju\u0161ke i ma\u0161ine koje omogu\u0107avaju brzo i precizno otklapanje pre vrcanja.&#8221; use_button=&#8221;on&#8221; button_text=&#8221;Idi na kategoriju&#8221; button_link=&#8221;\/katalog\/oprema-za-otklapanje-meda\/&#8221; admin_label=&#8221;Oprema za otklapanje meda&#8221; _builder_version=&#8221;4.27.4&#8243; _module_preset=&#8221;default&#8221; title_level=&#8221;h3&#8243; global_colors_info=&#8221;{}&#8221;][\/bck_info_box][bck_info_box photo=&#8221;http:\/\/radomed.net\/wp-content\/uploads\/2025\/08\/cat_img_10.webp&#8221; title=&#8221;Program od plastike&#8221; body_content=&#8221;<\/p>\n<h4>Lako\u0107a, prakti\u010dnost i dugotrajnost<\/h4>\n<p>Plasti\u010dni pribor i oprema otporna na habanje, pogodna za razne p\u010delarske namene.&#8221; use_button=&#8221;on&#8221; button_text=&#8221;Idi na kategoriju&#8221; button_link=&#8221;\/katalog\/program-od-plastike\/&#8221; admin_label=&#8221;Program od plastike&#8221; _builder_version=&#8221;4.27.4&#8243; _module_preset=&#8221;default&#8221; title_level=&#8221;h3&#8243; global_colors_info=&#8221;{}&#8221;][\/bck_info_box][bck_info_box photo=&#8221;http:\/\/radomed.net\/wp-content\/uploads\/2025\/08\/cat_img_11.webp&#8221; title=&#8221;Pribor i alati&#8221; body_content=&#8221;<\/p>\n<h4>Uvek spremni za brzu zamenu<\/h4>\n<p>\u0160irok izbor p\u010delarskog pribora i alata koji olak\u0161avaju rad i odr\u017eavanje p\u010delarske opreme.&#8221; use_button=&#8221;on&#8221; button_text=&#8221;Idi na kategoriju&#8221; button_link=&#8221;\/katalog\/pribor-i-alati\/&#8221; admin_label=&#8221;Pribor i alati&#8221; _builder_version=&#8221;4.27.4&#8243; _module_preset=&#8221;default&#8221; title_level=&#8221;h3&#8243; global_colors_info=&#8221;{}&#8221;][\/bck_info_box][bck_info_box photo=&#8221;http:\/\/radomed.net\/wp-content\/uploads\/2025\/08\/cat_img_12.webp&#8221; title=&#8221;P\u010delarska \u017eica na kalemu&#8221; body_content=&#8221;<\/p>\n<h4>Sigurna i \u010dvrsta osnova za satne osnove<\/h4>\n<p>Kvalitetna \u017eica koja obezbe\u0111uje stabilnost i dugotrajnost sa\u0107a u ramovima.&#8221; use_button=&#8221;on&#8221; button_text=&#8221;Idi na kategoriju&#8221; button_link=&#8221;\/katalog\/pcelarska-zica-na-kalemu\/&#8221; admin_label=&#8221;P\u010delarska \u017eica na kalemu&#8221; _builder_version=&#8221;4.27.4&#8243; _module_preset=&#8221;default&#8221; title_level=&#8221;h3&#8243; global_colors_info=&#8221;{}&#8221;][\/bck_info_box][bck_info_box photo=&#8221;http:\/\/radomed.net\/wp-content\/uploads\/2025\/10\/cat_img_13.webp&#8221; title=&#8221;Hrana za p\u010dele i satne osnove&#8221; body_content=&#8221;<\/p>\n<h4>Odr\u017eite p\u010delinjak zdravim i produktivnim<\/h4>\n<p>Kvalitetna hrana i satne osnove koje podr\u017eavaju razvoj p\u010dela i olak\u0161avaju rad u ko\u0161nici.&#8221; use_button=&#8221;on&#8221; button_text=&#8221;Idi na kategoriju&#8221; button_link=&#8221;\/katalog\/hrana-za-pcele-i-satne-osnove\/&#8221; admin_label=&#8221;Hrana za p\u010dele i satne osnove&#8221; _builder_version=&#8221;4.27.4&#8243; _module_preset=&#8221;default&#8221; title_level=&#8221;h3&#8243; hover_enabled=&#8221;0&#8243; global_colors_info=&#8221;{}&#8221; sticky_enabled=&#8221;0&#8243;][\/bck_info_box][\/et_pb_column][\/et_pb_row][\/et_pb_section]<\/p>\n","protected":false},"excerpt":{"rendered":"<p>Od ko\u0161nica i centrifuga do za\u0161titne opreme, alata i ambala\u017ee \u2013 sve \u0161to vam je potrebno za moderan i uspe\u0161an p\u010delinjak.<div class=\"bck_info_box bck_info_box_0 bck_et_pb_module\">\n\t\t\t\t\n\t\t\t\t\n\t\t\t\t\n\t\t\t\t\n\t\t\t\t\n\t\t\t\t\n\t\t\t\t<div class=\"et_pb_module_inner\">\n\t\t\t\t\t<div class=\"bck-info-box bck-swapped-img-selector bck-hover--none\">\r\n\t\t\t    <div class=\"bck-info-box-figure\"> <div class=\"figure\">\r\n                    <div class=\"bck-overlay\"><i class=\"bck-overlay-icon\"><\/i><\/div>\r\n\t\t\t\t\t<img decoding=\"async\" class=\"bck-info-box-img bck-swapped-img \" src=\"&#8221;http:\/\/radomed.net\/wp-content\/uploads\/2025\/08\/cat_img_01.webp&#8221;\" data-mfp-src=\"&#8221;http:\/\/radomed.net\/wp-content\/uploads\/2025\/08\/cat_img_01.webp&#8221;\"  alt=\"\"\/>\r\n\t\t\t\t<\/div><\/div>\r\n                <div class=\"bck-info-box-content\">\r\n                    <h2 class=\"bck-info-box-title\">&#8221;Ko\u0161nice<\/h2> <div class=\"bck-mce-content\">&#8221;Stabilan<\/div> \r\n                <\/div>\r\n\t\t    <\/div>\n\t\t\t\t<\/div>\n\t\t\t<\/div><\/p>\n","protected":false},"author":1,"featured_media":0,"parent":0,"menu_order":0,"comment_status":"closed","ping_status":"closed","template":"","meta":{"_et_pb_use_builder":"on","_et_pb_old_content":"","_et_gb_content_width":"","footnotes":""},"class_list":["post-395","page","type-page","status-publish","hentry"],"yoast_head":"<!-- This site is optimized with the Yoast SEO plugin v26.4 - https:\/\/yoast.com\/wordpress\/plugins\/seo\/ -->\n<title>Katalog - RadoMed<\/title>\n<meta name=\"robots\" content=\"index, follow, max-snippet:-1, max-image-preview:large, max-video-preview:-1\" \/>\n<link rel=\"canonical\" href=\"https:\/\/radomed.net\/sr\/katalog\/\" \/>\n<meta property=\"og:locale\" content=\"en_US\" \/>\n<meta property=\"og:type\" content=\"article\" \/>\n<meta property=\"og:title\" content=\"Katalog - RadoMed\" \/>\n<meta property=\"og:description\" content=\"Od ko\u0161nica i centrifuga do za\u0161titne opreme, alata i ambala\u017ee \u2013 sve \u0161to vam je potrebno za moderan i uspe\u0161an p\u010delinjak.\" \/>\n<meta property=\"og:url\" content=\"https:\/\/radomed.net\/sr\/katalog\/\" \/>\n<meta property=\"og:site_name\" content=\"RadoMed\" \/>\n<meta property=\"article:modified_time\" content=\"2025-10-14T13:07:04+00:00\" \/>\n<meta name=\"twitter:card\" content=\"summary_large_image\" \/>\n<meta name=\"twitter:label1\" content=\"Est. reading time\" \/>\n\t<meta name=\"twitter:data1\" content=\"5 minutes\" \/>\n<script type=\"application\/ld+json\" class=\"yoast-schema-graph\">{\"@context\":\"https:\/\/schema.org\",\"@graph\":[{\"@type\":\"WebPage\",\"@id\":\"https:\/\/radomed.net\/sr\/katalog\/\",\"url\":\"https:\/\/radomed.net\/sr\/katalog\/\",\"name\":\"Katalog - RadoMed\",\"isPartOf\":{\"@id\":\"https:\/\/radomed.net\/#website\"},\"datePublished\":\"2025-08-14T06:46:36+00:00\",\"dateModified\":\"2025-10-14T13:07:04+00:00\",\"breadcrumb\":{\"@id\":\"https:\/\/radomed.net\/sr\/katalog\/#breadcrumb\"},\"inLanguage\":\"en-US\",\"potentialAction\":[{\"@type\":\"ReadAction\",\"target\":[\"https:\/\/radomed.net\/sr\/katalog\/\"]}]},{\"@type\":\"BreadcrumbList\",\"@id\":\"https:\/\/radomed.net\/sr\/katalog\/#breadcrumb\",\"itemListElement\":[{\"@type\":\"ListItem\",\"position\":1,\"name\":\"Po\u010detna\",\"item\":\"https:\/\/radomed.net\/\"},{\"@type\":\"ListItem\",\"position\":2,\"name\":\"Katalog\"}]},{\"@type\":\"WebSite\",\"@id\":\"https:\/\/radomed.net\/#website\",\"url\":\"https:\/\/radomed.net\/\",\"name\":\"RadoMed\",\"description\":\"Sve za p\u010delarstvo na jednom mestu\",\"potentialAction\":[{\"@type\":\"SearchAction\",\"target\":{\"@type\":\"EntryPoint\",\"urlTemplate\":\"https:\/\/radomed.net\/?s={search_term_string}\"},\"query-input\":{\"@type\":\"PropertyValueSpecification\",\"valueRequired\":true,\"valueName\":\"search_term_string\"}}],\"inLanguage\":\"en-US\"}]}<\/script>\n<!-- \/ Yoast SEO plugin. -->","yoast_head_json":{"title":"Katalog - RadoMed","robots":{"index":"index","follow":"follow","max-snippet":"max-snippet:-1","max-image-preview":"max-image-preview:large","max-video-preview":"max-video-preview:-1"},"canonical":"https:\/\/radomed.net\/sr\/katalog\/","og_locale":"en_US","og_type":"article","og_title":"Katalog - RadoMed","og_description":"Od ko\u0161nica i centrifuga do za\u0161titne opreme, alata i ambala\u017ee \u2013 sve \u0161to vam je potrebno za moderan i uspe\u0161an p\u010delinjak.","og_url":"https:\/\/radomed.net\/sr\/katalog\/","og_site_name":"RadoMed","article_modified_time":"2025-10-14T13:07:04+00:00","twitter_card":"summary_large_image","twitter_misc":{"Est. reading time":"5 minutes"},"schema":{"@context":"https:\/\/schema.org","@graph":[{"@type":"WebPage","@id":"https:\/\/radomed.net\/sr\/katalog\/","url":"https:\/\/radomed.net\/sr\/katalog\/","name":"Katalog - RadoMed","isPartOf":{"@id":"https:\/\/radomed.net\/#website"},"datePublished":"2025-08-14T06:46:36+00:00","dateModified":"2025-10-14T13:07:04+00:00","breadcrumb":{"@id":"https:\/\/radomed.net\/sr\/katalog\/#breadcrumb"},"inLanguage":"en-US","potentialAction":[{"@type":"ReadAction","target":["https:\/\/radomed.net\/sr\/katalog\/"]}]},{"@type":"BreadcrumbList","@id":"https:\/\/radomed.net\/sr\/katalog\/#breadcrumb","itemListElement":[{"@type":"ListItem","position":1,"name":"Po\u010detna","item":"https:\/\/radomed.net\/"},{"@type":"ListItem","position":2,"name":"Katalog"}]},{"@type":"WebSite","@id":"https:\/\/radomed.net\/#website","url":"https:\/\/radomed.net\/","name":"RadoMed","description":"Sve za p\u010delarstvo na jednom mestu","potentialAction":[{"@type":"SearchAction","target":{"@type":"EntryPoint","urlTemplate":"https:\/\/radomed.net\/?s={search_term_string}"},"query-input":{"@type":"PropertyValueSpecification","valueRequired":true,"valueName":"search_term_string"}}],"inLanguage":"en-US"}]}},"_links":{"self":[{"href":"https:\/\/radomed.net\/sr\/wp-json\/wp\/v2\/pages\/395","targetHints":{"allow":["GET"]}}],"collection":[{"href":"https:\/\/radomed.net\/sr\/wp-json\/wp\/v2\/pages"}],"about":[{"href":"https:\/\/radomed.net\/sr\/wp-json\/wp\/v2\/types\/page"}],"author":[{"embeddable":true,"href":"https:\/\/radomed.net\/sr\/wp-json\/wp\/v2\/users\/1"}],"replies":[{"embeddable":true,"href":"https:\/\/radomed.net\/sr\/wp-json\/wp\/v2\/comments?post=395"}],"version-history":[{"count":16,"href":"https:\/\/radomed.net\/sr\/wp-json\/wp\/v2\/pages\/395\/revisions"}],"predecessor-version":[{"id":1830,"href":"https:\/\/radomed.net\/sr\/wp-json\/wp\/v2\/pages\/395\/revisions\/1830"}],"wp:attachment":[{"href":"https:\/\/radomed.net\/sr\/wp-json\/wp\/v2\/media?parent=395"}],"curies":[{"name":"wp","href":"https:\/\/api.w.org\/{rel}","templated":true}]}}