{"id":748,"date":"2025-08-15T11:36:43","date_gmt":"2025-08-15T11:36:43","guid":{"rendered":"https:\/\/radomed.net\/?page_id=748"},"modified":"2025-08-22T12:58:04","modified_gmt":"2025-08-22T12:58:04","slug":"o-nama","status":"publish","type":"page","link":"https:\/\/radomed.net\/sr\/o-nama\/","title":{"rendered":"O nama"},"content":{"rendered":"<p>[et_pb_section fb_built=&#8221;1&#8243; module_class=&#8221;page-section&#8221; _builder_version=&#8221;4.27.4&#8243; _module_preset=&#8221;default&#8221; custom_padding=&#8221;6rem||6rem||false|false&#8221; global_colors_info=&#8221;{}&#8221;][et_pb_row _builder_version=&#8221;4.27.4&#8243; _module_preset=&#8221;default&#8221; custom_margin=&#8221;||||false|false&#8221; global_colors_info=&#8221;{}&#8221;][et_pb_column type=&#8221;4_4&#8243; _builder_version=&#8221;4.27.4&#8243; _module_preset=&#8221;default&#8221; global_colors_info=&#8221;{}&#8221;][et_pb_code admin_label=&#8221;Mali naslov&#8221; _builder_version=&#8221;4.27.4&#8243; _module_preset=&#8221;b24fa3fa-8c2e-4ede-b5b1-9c0c85bea764&#8243; text_orientation=&#8221;left&#8221; custom_margin=&#8221;||0.5rem||false|false&#8221; hover_enabled=&#8221;0&#8243; global_colors_info=&#8221;{}&#8221; sticky_enabled=&#8221;0&#8243;]Posve\u0107enost p\u010delarstvu[\/et_pb_code][et_pb_heading title=&#8221;Alati koji olak\u0161avaju rad p\u010delarima&#8221; _builder_version=&#8221;4.27.4&#8243; _module_preset=&#8221;3215d260-12f4-4ad1-9284-566b3bf086f8&#8243; title_level=&#8221;h2&#8243; title_text_align=&#8221;left&#8221; custom_margin=&#8221;||1.5rem||false|false&#8221; global_colors_info=&#8221;{}&#8221;][\/et_pb_heading][et_pb_text _builder_version=&#8221;4.27.4&#8243; _module_preset=&#8221;default&#8221; custom_margin=&#8221;||3rem||false|false&#8221; global_colors_info=&#8221;{}&#8221;]<\/p>\n<p>RadoMed je kompanija sa jasnom misijom \u2013 da p\u010delarima pru\u017ei opremu i alate najvi\u0161eg kvaliteta, koji njihov rad \u010dine lak\u0161im, efikasnijim i preciznijim. Na\u0161 tim stru\u010dnjaka sa dugogodi\u0161njim iskustvom u dizajnu i proizvodnji posve\u0107en je stvaranju inovativnih re\u0161enja koja prate potrebe svakog p\u010delara.<\/p>\n<p>Verujemo da pravi alati mogu napraviti veliku razliku u svakodnevnom radu i stoga te\u017eimo da svaki na\u0161 proizvod bude pouzdan, funkcionalan i jednostavan za kori\u0161\u0107enje. Ponosni smo \u0161to mo\u017eemo podr\u017eati p\u010delare u njihovom uspehu i napretku, olak\u0161avaju\u0107i im svakodnevne zadatke i omogu\u0107avaju\u0107i im da se fokusiraju na ono \u0161to je zaista va\u017eno \u2013 brigu o p\u010delama i prirodi.<\/p>\n<p>Na\u0161a strast prema p\u010delarstvu i o\u010duvanju \u017eivotne sredine vodi nas u svemu \u0161to radimo. Kroz kvalitetne proizvode i inovativna re\u0161enja, \u017eelimo da doprinesemo o\u010duvanju prirodnog sveta i podr\u017eimo p\u010delare u njihovom vitalnom radu.<\/p>\n<p>[\/et_pb_text][bck_dual_button btn_a_text=&#8221;Katalog proizvoda&#8221; btn_a_link=&#8221;@ET-DC@eyJkeW5hbWljIjp0cnVlLCJjb250ZW50IjoicG9zdF9saW5rX3VybF9wYWdlIiwic2V0dGluZ3MiOnsicG9zdF9pZCI6IjM5NSJ9fQ==@&#8221; btn_b_text=&#8221;Kontaktirajte nas&#8221; btn_b_link=&#8221;@ET-DC@eyJkeW5hbWljIjp0cnVlLCJjb250ZW50IjoicG9zdF9saW5rX3VybF9wYWdlIiwic2V0dGluZ3MiOnsicG9zdF9pZCI6Ijc3NCJ9fQ==@&#8221; admin_label=&#8221;Duplo dugme&#8221; module_class=&#8221;double-btns&#8221; _builder_version=&#8221;4.27.4&#8243; _dynamic_attributes=&#8221;btn_a_link,btn_b_link&#8221; _module_preset=&#8221;default&#8221; global_colors_info=&#8221;{}&#8221;][\/bck_dual_button][\/et_pb_column][\/et_pb_row][\/et_pb_section]<\/p>\n","protected":false},"excerpt":{"rendered":"<p>RadoMed je kompanija sa jasnom misijom \u2013 da p\u010delarima pru\u017ei opremu i alate najvi\u0161eg kvaliteta, koji njihov rad \u010dine lak\u0161im, efikasnijim i preciznijim. Na\u0161 tim stru\u010dnjaka sa dugogodi\u0161njim iskustvom u dizajnu i proizvodnji posve\u0107en je stvaranju inovativnih re\u0161enja koja prate potrebe svakog p\u010delara. Verujemo da pravi alati mogu napraviti veliku razliku u svakodnevnom radu i [&hellip;]<\/p>\n","protected":false},"author":1,"featured_media":0,"parent":0,"menu_order":0,"comment_status":"closed","ping_status":"closed","template":"","meta":{"_et_pb_use_builder":"on","_et_pb_old_content":"","_et_gb_content_width":"","footnotes":""},"class_list":["post-748","page","type-page","status-publish","hentry"],"yoast_head":"<!-- This site is optimized with the Yoast SEO plugin v26.4 - https:\/\/yoast.com\/wordpress\/plugins\/seo\/ -->\n<title>O nama - RadoMed<\/title>\n<meta name=\"robots\" content=\"index, follow, max-snippet:-1, max-image-preview:large, max-video-preview:-1\" \/>\n<link rel=\"canonical\" href=\"https:\/\/radomed.net\/sr\/o-nama\/\" \/>\n<meta property=\"og:locale\" content=\"en_US\" \/>\n<meta property=\"og:type\" content=\"article\" \/>\n<meta property=\"og:title\" content=\"O nama - RadoMed\" \/>\n<meta property=\"og:description\" content=\"RadoMed je kompanija sa jasnom misijom \u2013 da p\u010delarima pru\u017ei opremu i alate najvi\u0161eg kvaliteta, koji njihov rad \u010dine lak\u0161im, efikasnijim i preciznijim. Na\u0161 tim stru\u010dnjaka sa dugogodi\u0161njim iskustvom u dizajnu i proizvodnji posve\u0107en je stvaranju inovativnih re\u0161enja koja prate potrebe svakog p\u010delara. Verujemo da pravi alati mogu napraviti veliku razliku u svakodnevnom radu i [&hellip;]\" \/>\n<meta property=\"og:url\" content=\"https:\/\/radomed.net\/sr\/o-nama\/\" \/>\n<meta property=\"og:site_name\" content=\"RadoMed\" \/>\n<meta property=\"article:modified_time\" content=\"2025-08-22T12:58:04+00:00\" \/>\n<meta name=\"twitter:card\" content=\"summary_large_image\" \/>\n<meta name=\"twitter:label1\" content=\"Est. reading time\" \/>\n\t<meta name=\"twitter:data1\" content=\"1 minute\" \/>\n<script type=\"application\/ld+json\" class=\"yoast-schema-graph\">{\"@context\":\"https:\/\/schema.org\",\"@graph\":[{\"@type\":\"WebPage\",\"@id\":\"https:\/\/radomed.net\/sr\/o-nama\/\",\"url\":\"https:\/\/radomed.net\/sr\/o-nama\/\",\"name\":\"O nama - RadoMed\",\"isPartOf\":{\"@id\":\"https:\/\/radomed.net\/#website\"},\"datePublished\":\"2025-08-15T11:36:43+00:00\",\"dateModified\":\"2025-08-22T12:58:04+00:00\",\"breadcrumb\":{\"@id\":\"https:\/\/radomed.net\/sr\/o-nama\/#breadcrumb\"},\"inLanguage\":\"en-US\",\"potentialAction\":[{\"@type\":\"ReadAction\",\"target\":[\"https:\/\/radomed.net\/sr\/o-nama\/\"]}]},{\"@type\":\"BreadcrumbList\",\"@id\":\"https:\/\/radomed.net\/sr\/o-nama\/#breadcrumb\",\"itemListElement\":[{\"@type\":\"ListItem\",\"position\":1,\"name\":\"Po\u010detna\",\"item\":\"https:\/\/radomed.net\/\"},{\"@type\":\"ListItem\",\"position\":2,\"name\":\"O nama\"}]},{\"@type\":\"WebSite\",\"@id\":\"https:\/\/radomed.net\/#website\",\"url\":\"https:\/\/radomed.net\/\",\"name\":\"RadoMed\",\"description\":\"Sve za p\u010delarstvo na jednom mestu\",\"potentialAction\":[{\"@type\":\"SearchAction\",\"target\":{\"@type\":\"EntryPoint\",\"urlTemplate\":\"https:\/\/radomed.net\/?s={search_term_string}\"},\"query-input\":{\"@type\":\"PropertyValueSpecification\",\"valueRequired\":true,\"valueName\":\"search_term_string\"}}],\"inLanguage\":\"en-US\"}]}<\/script>\n<!-- \/ Yoast SEO plugin. -->","yoast_head_json":{"title":"O nama - RadoMed","robots":{"index":"index","follow":"follow","max-snippet":"max-snippet:-1","max-image-preview":"max-image-preview:large","max-video-preview":"max-video-preview:-1"},"canonical":"https:\/\/radomed.net\/sr\/o-nama\/","og_locale":"en_US","og_type":"article","og_title":"O nama - RadoMed","og_description":"RadoMed je kompanija sa jasnom misijom \u2013 da p\u010delarima pru\u017ei opremu i alate najvi\u0161eg kvaliteta, koji njihov rad \u010dine lak\u0161im, efikasnijim i preciznijim. Na\u0161 tim stru\u010dnjaka sa dugogodi\u0161njim iskustvom u dizajnu i proizvodnji posve\u0107en je stvaranju inovativnih re\u0161enja koja prate potrebe svakog p\u010delara. Verujemo da pravi alati mogu napraviti veliku razliku u svakodnevnom radu i [&hellip;]","og_url":"https:\/\/radomed.net\/sr\/o-nama\/","og_site_name":"RadoMed","article_modified_time":"2025-08-22T12:58:04+00:00","twitter_card":"summary_large_image","twitter_misc":{"Est. reading time":"1 minute"},"schema":{"@context":"https:\/\/schema.org","@graph":[{"@type":"WebPage","@id":"https:\/\/radomed.net\/sr\/o-nama\/","url":"https:\/\/radomed.net\/sr\/o-nama\/","name":"O nama - RadoMed","isPartOf":{"@id":"https:\/\/radomed.net\/#website"},"datePublished":"2025-08-15T11:36:43+00:00","dateModified":"2025-08-22T12:58:04+00:00","breadcrumb":{"@id":"https:\/\/radomed.net\/sr\/o-nama\/#breadcrumb"},"inLanguage":"en-US","potentialAction":[{"@type":"ReadAction","target":["https:\/\/radomed.net\/sr\/o-nama\/"]}]},{"@type":"BreadcrumbList","@id":"https:\/\/radomed.net\/sr\/o-nama\/#breadcrumb","itemListElement":[{"@type":"ListItem","position":1,"name":"Po\u010detna","item":"https:\/\/radomed.net\/"},{"@type":"ListItem","position":2,"name":"O nama"}]},{"@type":"WebSite","@id":"https:\/\/radomed.net\/#website","url":"https:\/\/radomed.net\/","name":"RadoMed","description":"Sve za p\u010delarstvo na jednom mestu","potentialAction":[{"@type":"SearchAction","target":{"@type":"EntryPoint","urlTemplate":"https:\/\/radomed.net\/?s={search_term_string}"},"query-input":{"@type":"PropertyValueSpecification","valueRequired":true,"valueName":"search_term_string"}}],"inLanguage":"en-US"}]}},"_links":{"self":[{"href":"https:\/\/radomed.net\/sr\/wp-json\/wp\/v2\/pages\/748","targetHints":{"allow":["GET"]}}],"collection":[{"href":"https:\/\/radomed.net\/sr\/wp-json\/wp\/v2\/pages"}],"about":[{"href":"https:\/\/radomed.net\/sr\/wp-json\/wp\/v2\/types\/page"}],"author":[{"embeddable":true,"href":"https:\/\/radomed.net\/sr\/wp-json\/wp\/v2\/users\/1"}],"replies":[{"embeddable":true,"href":"https:\/\/radomed.net\/sr\/wp-json\/wp\/v2\/comments?post=748"}],"version-history":[{"count":11,"href":"https:\/\/radomed.net\/sr\/wp-json\/wp\/v2\/pages\/748\/revisions"}],"predecessor-version":[{"id":980,"href":"https:\/\/radomed.net\/sr\/wp-json\/wp\/v2\/pages\/748\/revisions\/980"}],"wp:attachment":[{"href":"https:\/\/radomed.net\/sr\/wp-json\/wp\/v2\/media?parent=748"}],"curies":[{"name":"wp","href":"https:\/\/api.w.org\/{rel}","templated":true}]}}