{"id":1386,"date":"2025-08-26T06:48:01","date_gmt":"2025-08-26T06:48:01","guid":{"rendered":"https:\/\/radomed.net\/?post_type=product&#038;p=1386"},"modified":"2025-10-14T10:27:18","modified_gmt":"2025-10-14T10:27:18","slug":"kasetna-centrifuga-6-rama-automatska-db","status":"publish","type":"product","link":"https:\/\/radomed.net\/sr\/proizvodi\/kasetna-centrifuga-6-rama-automatska-db\/","title":{"rendered":"Kasetna centrifuga 6 rama, automatska (DB)"},"content":{"rendered":"<p>Automatska 6 kasetna centrifuga\/vrcaljka DB, u centrifugu je mogu\u0107e smestiti 6 DB plodi\u0161na rama sa medom odnosno 12 medi\u0161na DB rama sa medom. (mogu\u0107e je vrcati i 6 LR rama)<\/p>\n<p>Automatska vrcaljka radi kako i sam naziv govori automatski. Kos centrifuge je u obliku kaseta u kojima se ubacuje ram, kasete same okrecu obe strane rama prilikom vrcanja meda.<br \/>\nNa ovaj nacin za razliku od drugih vrcaljki sve sto treba da uradite jeste da ubacite ram sa medom i nakon zavrsetka programa izvadite kompletno izvrcan ram.<\/p>\n<p>Regulator rada je procesor sa frekventnom regulacijom i mogu\u0107nost izbora opcija rada 1\/2L+D+1\/2L ili L+D.<\/p>\n<p>Pogon centrifuge mogu biti dva tipa motora:<\/p>\n<ol>\n<li>Pokretanje motorom AC 220 volti 180 vati do 370 vati sa reduktorom 30,40 i = 8.<\/li>\n<li>DC motor 12 volti 110 vati, mogu\u0107nost kori\u0161\u0107enja akumulatora<\/li>\n<\/ol>\n<p>Materijal od koga je izra\u0111eno bure vrcaljke je prohrom \u010c 4580 polirani.<br \/>\nPoklopci centrifuge su izra\u0111eni od plekssiglasa tako da mo\u017eete u\u017eivati u posmatranju vrcanja meda.<\/p>\n","protected":false},"excerpt":{"rendered":"<p>Automatska 6 kasetna centrifuga\/vrcaljka DB, u centrifugu je mogu\u0107e smestiti 6 DB plodi\u0161na rama sa medom odnosno 12 medi\u0161na DB rama sa medom. (mogu\u0107e je vrcati i 6 LR rama) Automatska vrcaljka radi kako i sam naziv govori automatski. Kos centrifuge je u obliku kaseta u kojima se ubacuje ram, kasete same okrecu obe strane [&hellip;]<\/p>\n","protected":false},"featured_media":1387,"template":"","meta":{"_et_pb_use_builder":"","_et_pb_old_content":"","_et_gb_content_width":""},"product_brand":[],"product_cat":[21],"product_tag":[],"class_list":{"0":"post-1386","1":"product","2":"type-product","3":"status-publish","4":"has-post-thumbnail","6":"product_cat-pribor-za-vrcanje-meda","8":"first","9":"instock","10":"shipping-taxable","11":"product-type-simple"},"yoast_head":"<!-- This site is optimized with the Yoast SEO plugin v26.4 - https:\/\/yoast.com\/wordpress\/plugins\/seo\/ -->\n<title>Kasetna centrifuga 6 rama, automatska (DB) - RadoMed<\/title>\n<meta name=\"robots\" content=\"index, follow, max-snippet:-1, max-image-preview:large, max-video-preview:-1\" \/>\n<link rel=\"canonical\" href=\"https:\/\/radomed.net\/sr\/proizvodi\/kasetna-centrifuga-6-rama-automatska-db\/\" \/>\n<meta property=\"og:locale\" content=\"en_US\" \/>\n<meta property=\"og:type\" content=\"article\" \/>\n<meta property=\"og:title\" content=\"Kasetna centrifuga 6 rama, automatska (DB) - RadoMed\" \/>\n<meta property=\"og:description\" content=\"Automatska 6 kasetna centrifuga\/vrcaljka DB, u centrifugu je mogu\u0107e smestiti 6 DB plodi\u0161na rama sa medom odnosno 12 medi\u0161na DB rama sa medom. (mogu\u0107e je vrcati i 6 LR rama) Automatska vrcaljka radi kako i sam naziv govori automatski. Kos centrifuge je u obliku kaseta u kojima se ubacuje ram, kasete same okrecu obe strane [&hellip;]\" \/>\n<meta property=\"og:url\" content=\"https:\/\/radomed.net\/sr\/proizvodi\/kasetna-centrifuga-6-rama-automatska-db\/\" \/>\n<meta property=\"og:site_name\" content=\"RadoMed\" \/>\n<meta property=\"article:modified_time\" content=\"2025-10-14T10:27:18+00:00\" \/>\n<meta property=\"og:image\" content=\"http:\/\/radomed.net\/wp-content\/uploads\/2025\/08\/kasetna_centrifuga_6_rama_automatska_db_01.webp\" \/>\n\t<meta property=\"og:image:width\" content=\"800\" \/>\n\t<meta property=\"og:image:height\" content=\"800\" \/>\n\t<meta property=\"og:image:type\" content=\"image\/webp\" \/>\n<meta name=\"twitter:card\" content=\"summary_large_image\" \/>\n<meta name=\"twitter:label1\" content=\"Est. reading time\" \/>\n\t<meta name=\"twitter:data1\" content=\"2 minutes\" \/>\n<script type=\"application\/ld+json\" class=\"yoast-schema-graph\">{\"@context\":\"https:\/\/schema.org\",\"@graph\":[{\"@type\":\"WebPage\",\"@id\":\"https:\/\/radomed.net\/sr\/proizvodi\/kasetna-centrifuga-6-rama-automatska-db\/\",\"url\":\"https:\/\/radomed.net\/sr\/proizvodi\/kasetna-centrifuga-6-rama-automatska-db\/\",\"name\":\"Kasetna centrifuga 6 rama, automatska (DB) - RadoMed\",\"isPartOf\":{\"@id\":\"https:\/\/radomed.net\/#website\"},\"primaryImageOfPage\":{\"@id\":\"https:\/\/radomed.net\/sr\/proizvodi\/kasetna-centrifuga-6-rama-automatska-db\/#primaryimage\"},\"image\":{\"@id\":\"https:\/\/radomed.net\/sr\/proizvodi\/kasetna-centrifuga-6-rama-automatska-db\/#primaryimage\"},\"thumbnailUrl\":\"https:\/\/radomed.net\/wp-content\/uploads\/2025\/08\/kasetna_centrifuga_6_rama_automatska_db_01.webp\",\"datePublished\":\"2025-08-26T06:48:01+00:00\",\"dateModified\":\"2025-10-14T10:27:18+00:00\",\"breadcrumb\":{\"@id\":\"https:\/\/radomed.net\/sr\/proizvodi\/kasetna-centrifuga-6-rama-automatska-db\/#breadcrumb\"},\"inLanguage\":\"en-US\",\"potentialAction\":[{\"@type\":\"ReadAction\",\"target\":[\"https:\/\/radomed.net\/sr\/proizvodi\/kasetna-centrifuga-6-rama-automatska-db\/\"]}]},{\"@type\":\"ImageObject\",\"inLanguage\":\"en-US\",\"@id\":\"https:\/\/radomed.net\/sr\/proizvodi\/kasetna-centrifuga-6-rama-automatska-db\/#primaryimage\",\"url\":\"https:\/\/radomed.net\/wp-content\/uploads\/2025\/08\/kasetna_centrifuga_6_rama_automatska_db_01.webp\",\"contentUrl\":\"https:\/\/radomed.net\/wp-content\/uploads\/2025\/08\/kasetna_centrifuga_6_rama_automatska_db_01.webp\",\"width\":800,\"height\":800},{\"@type\":\"BreadcrumbList\",\"@id\":\"https:\/\/radomed.net\/sr\/proizvodi\/kasetna-centrifuga-6-rama-automatska-db\/#breadcrumb\",\"itemListElement\":[{\"@type\":\"ListItem\",\"position\":1,\"name\":\"Po\u010detna\",\"item\":\"https:\/\/radomed.net\/\"},{\"@type\":\"ListItem\",\"position\":2,\"name\":\"Proizvodi\",\"item\":\"https:\/\/radomed.net\/proizvodi\/\"},{\"@type\":\"ListItem\",\"position\":3,\"name\":\"Pribor za vrcanje meda\",\"item\":\"https:\/\/radomed.net\/sr\/katalog\/pribor-za-vrcanje-meda\/\"},{\"@type\":\"ListItem\",\"position\":4,\"name\":\"Kasetna centrifuga 6 rama, automatska (DB)\"}]},{\"@type\":\"WebSite\",\"@id\":\"https:\/\/radomed.net\/#website\",\"url\":\"https:\/\/radomed.net\/\",\"name\":\"RadoMed\",\"description\":\"Sve za p\u010delarstvo na jednom mestu\",\"potentialAction\":[{\"@type\":\"SearchAction\",\"target\":{\"@type\":\"EntryPoint\",\"urlTemplate\":\"https:\/\/radomed.net\/?s={search_term_string}\"},\"query-input\":{\"@type\":\"PropertyValueSpecification\",\"valueRequired\":true,\"valueName\":\"search_term_string\"}}],\"inLanguage\":\"en-US\"}]}<\/script>\n<!-- \/ Yoast SEO plugin. -->","yoast_head_json":{"title":"Kasetna centrifuga 6 rama, automatska (DB) - RadoMed","robots":{"index":"index","follow":"follow","max-snippet":"max-snippet:-1","max-image-preview":"max-image-preview:large","max-video-preview":"max-video-preview:-1"},"canonical":"https:\/\/radomed.net\/sr\/proizvodi\/kasetna-centrifuga-6-rama-automatska-db\/","og_locale":"en_US","og_type":"article","og_title":"Kasetna centrifuga 6 rama, automatska (DB) - RadoMed","og_description":"Automatska 6 kasetna centrifuga\/vrcaljka DB, u centrifugu je mogu\u0107e smestiti 6 DB plodi\u0161na rama sa medom odnosno 12 medi\u0161na DB rama sa medom. (mogu\u0107e je vrcati i 6 LR rama) Automatska vrcaljka radi kako i sam naziv govori automatski. Kos centrifuge je u obliku kaseta u kojima se ubacuje ram, kasete same okrecu obe strane [&hellip;]","og_url":"https:\/\/radomed.net\/sr\/proizvodi\/kasetna-centrifuga-6-rama-automatska-db\/","og_site_name":"RadoMed","article_modified_time":"2025-10-14T10:27:18+00:00","og_image":[{"width":800,"height":800,"url":"http:\/\/radomed.net\/wp-content\/uploads\/2025\/08\/kasetna_centrifuga_6_rama_automatska_db_01.webp","type":"image\/webp"}],"twitter_card":"summary_large_image","twitter_misc":{"Est. reading time":"2 minutes"},"schema":{"@context":"https:\/\/schema.org","@graph":[{"@type":"WebPage","@id":"https:\/\/radomed.net\/sr\/proizvodi\/kasetna-centrifuga-6-rama-automatska-db\/","url":"https:\/\/radomed.net\/sr\/proizvodi\/kasetna-centrifuga-6-rama-automatska-db\/","name":"Kasetna centrifuga 6 rama, automatska (DB) - RadoMed","isPartOf":{"@id":"https:\/\/radomed.net\/#website"},"primaryImageOfPage":{"@id":"https:\/\/radomed.net\/sr\/proizvodi\/kasetna-centrifuga-6-rama-automatska-db\/#primaryimage"},"image":{"@id":"https:\/\/radomed.net\/sr\/proizvodi\/kasetna-centrifuga-6-rama-automatska-db\/#primaryimage"},"thumbnailUrl":"https:\/\/radomed.net\/wp-content\/uploads\/2025\/08\/kasetna_centrifuga_6_rama_automatska_db_01.webp","datePublished":"2025-08-26T06:48:01+00:00","dateModified":"2025-10-14T10:27:18+00:00","breadcrumb":{"@id":"https:\/\/radomed.net\/sr\/proizvodi\/kasetna-centrifuga-6-rama-automatska-db\/#breadcrumb"},"inLanguage":"en-US","potentialAction":[{"@type":"ReadAction","target":["https:\/\/radomed.net\/sr\/proizvodi\/kasetna-centrifuga-6-rama-automatska-db\/"]}]},{"@type":"ImageObject","inLanguage":"en-US","@id":"https:\/\/radomed.net\/sr\/proizvodi\/kasetna-centrifuga-6-rama-automatska-db\/#primaryimage","url":"https:\/\/radomed.net\/wp-content\/uploads\/2025\/08\/kasetna_centrifuga_6_rama_automatska_db_01.webp","contentUrl":"https:\/\/radomed.net\/wp-content\/uploads\/2025\/08\/kasetna_centrifuga_6_rama_automatska_db_01.webp","width":800,"height":800},{"@type":"BreadcrumbList","@id":"https:\/\/radomed.net\/sr\/proizvodi\/kasetna-centrifuga-6-rama-automatska-db\/#breadcrumb","itemListElement":[{"@type":"ListItem","position":1,"name":"Po\u010detna","item":"https:\/\/radomed.net\/"},{"@type":"ListItem","position":2,"name":"Proizvodi","item":"https:\/\/radomed.net\/proizvodi\/"},{"@type":"ListItem","position":3,"name":"Pribor za vrcanje meda","item":"https:\/\/radomed.net\/sr\/katalog\/pribor-za-vrcanje-meda\/"},{"@type":"ListItem","position":4,"name":"Kasetna centrifuga 6 rama, automatska (DB)"}]},{"@type":"WebSite","@id":"https:\/\/radomed.net\/#website","url":"https:\/\/radomed.net\/","name":"RadoMed","description":"Sve za p\u010delarstvo na jednom mestu","potentialAction":[{"@type":"SearchAction","target":{"@type":"EntryPoint","urlTemplate":"https:\/\/radomed.net\/?s={search_term_string}"},"query-input":{"@type":"PropertyValueSpecification","valueRequired":true,"valueName":"search_term_string"}}],"inLanguage":"en-US"}]}},"_links":{"self":[{"href":"https:\/\/radomed.net\/sr\/wp-json\/wp\/v2\/product\/1386","targetHints":{"allow":["GET"]}}],"collection":[{"href":"https:\/\/radomed.net\/sr\/wp-json\/wp\/v2\/product"}],"about":[{"href":"https:\/\/radomed.net\/sr\/wp-json\/wp\/v2\/types\/product"}],"wp:featuredmedia":[{"embeddable":true,"href":"https:\/\/radomed.net\/sr\/wp-json\/wp\/v2\/media\/1387"}],"wp:attachment":[{"href":"https:\/\/radomed.net\/sr\/wp-json\/wp\/v2\/media?parent=1386"}],"wp:term":[{"taxonomy":"product_brand","embeddable":true,"href":"https:\/\/radomed.net\/sr\/wp-json\/wp\/v2\/product_brand?post=1386"},{"taxonomy":"product_cat","embeddable":true,"href":"https:\/\/radomed.net\/sr\/wp-json\/wp\/v2\/product_cat?post=1386"},{"taxonomy":"product_tag","embeddable":true,"href":"https:\/\/radomed.net\/sr\/wp-json\/wp\/v2\/product_tag?post=1386"}],"curies":[{"name":"wp","href":"https:\/\/api.w.org\/{rel}","templated":true}]}}