{"id":1476,"date":"2025-08-26T07:43:16","date_gmt":"2025-08-26T07:43:16","guid":{"rendered":"https:\/\/radomed.net\/?post_type=product&#038;p=1476"},"modified":"2025-10-14T08:29:53","modified_gmt":"2025-10-14T08:29:53","slug":"cetka-za-stresanje-pcela","status":"publish","type":"product","link":"https:\/\/radomed.net\/sr\/proizvodi\/cetka-za-stresanje-pcela\/","title":{"rendered":"\u010cetka za stresanje p\u010dela"},"content":{"rendered":"<p>\u010cetka za stresanje p\u010dela sa ramova, napravljena je od drvene dr\u0161ke sa jednim redom mekanih i elasti\u010dnih PVC vlakana.<\/p>\n<p>Napravljena je tako da prilikom kori\u0161\u0107enja ne dolazi do ne\u017eeljenog povre\u0111ivanja p\u010dela kao i sa\u0107a.<\/p>\n<p>Visina vlakana je 50mm i postavljeni su po du\u017eini od 190 mm.<\/p>\n","protected":false},"excerpt":{"rendered":"<p>\u010cetka za stresanje p\u010dela sa ramova, napravljena je od drvene dr\u0161ke sa jednim redom mekanih i elasti\u010dnih PVC vlakana. Napravljena je tako da prilikom kori\u0161\u0107enja ne dolazi do ne\u017eeljenog povre\u0111ivanja p\u010dela kao i sa\u0107a. Visina vlakana je 50mm i postavljeni su po du\u017eini od 190 mm.<\/p>\n","protected":false},"featured_media":1477,"template":"","meta":{"_et_pb_use_builder":"","_et_pb_old_content":"","_et_gb_content_width":""},"product_brand":[],"product_cat":[35],"product_tag":[],"class_list":{"0":"post-1476","1":"product","2":"type-product","3":"status-publish","4":"has-post-thumbnail","6":"product_cat-pribor-i-alati","8":"first","9":"instock","10":"shipping-taxable","11":"product-type-simple"},"yoast_head":"<!-- This site is optimized with the Yoast SEO plugin v26.4 - https:\/\/yoast.com\/wordpress\/plugins\/seo\/ -->\n<title>\u010cetka za stresanje p\u010dela - RadoMed<\/title>\n<meta name=\"robots\" content=\"index, follow, max-snippet:-1, max-image-preview:large, max-video-preview:-1\" \/>\n<link rel=\"canonical\" href=\"https:\/\/radomed.net\/sr\/proizvodi\/cetka-za-stresanje-pcela\/\" \/>\n<meta property=\"og:locale\" content=\"en_US\" \/>\n<meta property=\"og:type\" content=\"article\" \/>\n<meta property=\"og:title\" content=\"\u010cetka za stresanje p\u010dela - RadoMed\" \/>\n<meta property=\"og:description\" content=\"\u010cetka za stresanje p\u010dela sa ramova, napravljena je od drvene dr\u0161ke sa jednim redom mekanih i elasti\u010dnih PVC vlakana. Napravljena je tako da prilikom kori\u0161\u0107enja ne dolazi do ne\u017eeljenog povre\u0111ivanja p\u010dela kao i sa\u0107a. Visina vlakana je 50mm i postavljeni su po du\u017eini od 190 mm.\" \/>\n<meta property=\"og:url\" content=\"https:\/\/radomed.net\/sr\/proizvodi\/cetka-za-stresanje-pcela\/\" \/>\n<meta property=\"og:site_name\" content=\"RadoMed\" \/>\n<meta property=\"article:modified_time\" content=\"2025-10-14T08:29:53+00:00\" \/>\n<meta property=\"og:image\" content=\"http:\/\/radomed.net\/wp-content\/uploads\/2025\/08\/cetkica_za_stresanje_pcela.webp\" \/>\n\t<meta property=\"og:image:width\" content=\"800\" \/>\n\t<meta property=\"og:image:height\" content=\"800\" \/>\n\t<meta property=\"og:image:type\" content=\"image\/webp\" \/>\n<meta name=\"twitter:card\" content=\"summary_large_image\" \/>\n<meta name=\"twitter:label1\" content=\"Est. reading time\" \/>\n\t<meta name=\"twitter:data1\" content=\"1 minute\" \/>\n<script type=\"application\/ld+json\" class=\"yoast-schema-graph\">{\"@context\":\"https:\/\/schema.org\",\"@graph\":[{\"@type\":\"WebPage\",\"@id\":\"https:\/\/radomed.net\/sr\/proizvodi\/cetka-za-stresanje-pcela\/\",\"url\":\"https:\/\/radomed.net\/sr\/proizvodi\/cetka-za-stresanje-pcela\/\",\"name\":\"\u010cetka za stresanje p\u010dela - RadoMed\",\"isPartOf\":{\"@id\":\"https:\/\/radomed.net\/#website\"},\"primaryImageOfPage\":{\"@id\":\"https:\/\/radomed.net\/sr\/proizvodi\/cetka-za-stresanje-pcela\/#primaryimage\"},\"image\":{\"@id\":\"https:\/\/radomed.net\/sr\/proizvodi\/cetka-za-stresanje-pcela\/#primaryimage\"},\"thumbnailUrl\":\"https:\/\/radomed.net\/wp-content\/uploads\/2025\/08\/cetkica_za_stresanje_pcela.webp\",\"datePublished\":\"2025-08-26T07:43:16+00:00\",\"dateModified\":\"2025-10-14T08:29:53+00:00\",\"breadcrumb\":{\"@id\":\"https:\/\/radomed.net\/sr\/proizvodi\/cetka-za-stresanje-pcela\/#breadcrumb\"},\"inLanguage\":\"en-US\",\"potentialAction\":[{\"@type\":\"ReadAction\",\"target\":[\"https:\/\/radomed.net\/sr\/proizvodi\/cetka-za-stresanje-pcela\/\"]}]},{\"@type\":\"ImageObject\",\"inLanguage\":\"en-US\",\"@id\":\"https:\/\/radomed.net\/sr\/proizvodi\/cetka-za-stresanje-pcela\/#primaryimage\",\"url\":\"https:\/\/radomed.net\/wp-content\/uploads\/2025\/08\/cetkica_za_stresanje_pcela.webp\",\"contentUrl\":\"https:\/\/radomed.net\/wp-content\/uploads\/2025\/08\/cetkica_za_stresanje_pcela.webp\",\"width\":800,\"height\":800},{\"@type\":\"BreadcrumbList\",\"@id\":\"https:\/\/radomed.net\/sr\/proizvodi\/cetka-za-stresanje-pcela\/#breadcrumb\",\"itemListElement\":[{\"@type\":\"ListItem\",\"position\":1,\"name\":\"Po\u010detna\",\"item\":\"https:\/\/radomed.net\/\"},{\"@type\":\"ListItem\",\"position\":2,\"name\":\"Proizvodi\",\"item\":\"https:\/\/radomed.net\/proizvodi\/\"},{\"@type\":\"ListItem\",\"position\":3,\"name\":\"Pribor i alati\",\"item\":\"https:\/\/radomed.net\/sr\/katalog\/pribor-i-alati\/\"},{\"@type\":\"ListItem\",\"position\":4,\"name\":\"\u010cetka za stresanje p\u010dela\"}]},{\"@type\":\"WebSite\",\"@id\":\"https:\/\/radomed.net\/#website\",\"url\":\"https:\/\/radomed.net\/\",\"name\":\"RadoMed\",\"description\":\"Sve za p\u010delarstvo na jednom mestu\",\"potentialAction\":[{\"@type\":\"SearchAction\",\"target\":{\"@type\":\"EntryPoint\",\"urlTemplate\":\"https:\/\/radomed.net\/?s={search_term_string}\"},\"query-input\":{\"@type\":\"PropertyValueSpecification\",\"valueRequired\":true,\"valueName\":\"search_term_string\"}}],\"inLanguage\":\"en-US\"}]}<\/script>\n<!-- \/ Yoast SEO plugin. -->","yoast_head_json":{"title":"\u010cetka za stresanje p\u010dela - RadoMed","robots":{"index":"index","follow":"follow","max-snippet":"max-snippet:-1","max-image-preview":"max-image-preview:large","max-video-preview":"max-video-preview:-1"},"canonical":"https:\/\/radomed.net\/sr\/proizvodi\/cetka-za-stresanje-pcela\/","og_locale":"en_US","og_type":"article","og_title":"\u010cetka za stresanje p\u010dela - RadoMed","og_description":"\u010cetka za stresanje p\u010dela sa ramova, napravljena je od drvene dr\u0161ke sa jednim redom mekanih i elasti\u010dnih PVC vlakana. Napravljena je tako da prilikom kori\u0161\u0107enja ne dolazi do ne\u017eeljenog povre\u0111ivanja p\u010dela kao i sa\u0107a. Visina vlakana je 50mm i postavljeni su po du\u017eini od 190 mm.","og_url":"https:\/\/radomed.net\/sr\/proizvodi\/cetka-za-stresanje-pcela\/","og_site_name":"RadoMed","article_modified_time":"2025-10-14T08:29:53+00:00","og_image":[{"width":800,"height":800,"url":"http:\/\/radomed.net\/wp-content\/uploads\/2025\/08\/cetkica_za_stresanje_pcela.webp","type":"image\/webp"}],"twitter_card":"summary_large_image","twitter_misc":{"Est. reading time":"1 minute"},"schema":{"@context":"https:\/\/schema.org","@graph":[{"@type":"WebPage","@id":"https:\/\/radomed.net\/sr\/proizvodi\/cetka-za-stresanje-pcela\/","url":"https:\/\/radomed.net\/sr\/proizvodi\/cetka-za-stresanje-pcela\/","name":"\u010cetka za stresanje p\u010dela - RadoMed","isPartOf":{"@id":"https:\/\/radomed.net\/#website"},"primaryImageOfPage":{"@id":"https:\/\/radomed.net\/sr\/proizvodi\/cetka-za-stresanje-pcela\/#primaryimage"},"image":{"@id":"https:\/\/radomed.net\/sr\/proizvodi\/cetka-za-stresanje-pcela\/#primaryimage"},"thumbnailUrl":"https:\/\/radomed.net\/wp-content\/uploads\/2025\/08\/cetkica_za_stresanje_pcela.webp","datePublished":"2025-08-26T07:43:16+00:00","dateModified":"2025-10-14T08:29:53+00:00","breadcrumb":{"@id":"https:\/\/radomed.net\/sr\/proizvodi\/cetka-za-stresanje-pcela\/#breadcrumb"},"inLanguage":"en-US","potentialAction":[{"@type":"ReadAction","target":["https:\/\/radomed.net\/sr\/proizvodi\/cetka-za-stresanje-pcela\/"]}]},{"@type":"ImageObject","inLanguage":"en-US","@id":"https:\/\/radomed.net\/sr\/proizvodi\/cetka-za-stresanje-pcela\/#primaryimage","url":"https:\/\/radomed.net\/wp-content\/uploads\/2025\/08\/cetkica_za_stresanje_pcela.webp","contentUrl":"https:\/\/radomed.net\/wp-content\/uploads\/2025\/08\/cetkica_za_stresanje_pcela.webp","width":800,"height":800},{"@type":"BreadcrumbList","@id":"https:\/\/radomed.net\/sr\/proizvodi\/cetka-za-stresanje-pcela\/#breadcrumb","itemListElement":[{"@type":"ListItem","position":1,"name":"Po\u010detna","item":"https:\/\/radomed.net\/"},{"@type":"ListItem","position":2,"name":"Proizvodi","item":"https:\/\/radomed.net\/proizvodi\/"},{"@type":"ListItem","position":3,"name":"Pribor i alati","item":"https:\/\/radomed.net\/sr\/katalog\/pribor-i-alati\/"},{"@type":"ListItem","position":4,"name":"\u010cetka za stresanje p\u010dela"}]},{"@type":"WebSite","@id":"https:\/\/radomed.net\/#website","url":"https:\/\/radomed.net\/","name":"RadoMed","description":"Sve za p\u010delarstvo na jednom mestu","potentialAction":[{"@type":"SearchAction","target":{"@type":"EntryPoint","urlTemplate":"https:\/\/radomed.net\/?s={search_term_string}"},"query-input":{"@type":"PropertyValueSpecification","valueRequired":true,"valueName":"search_term_string"}}],"inLanguage":"en-US"}]}},"_links":{"self":[{"href":"https:\/\/radomed.net\/sr\/wp-json\/wp\/v2\/product\/1476","targetHints":{"allow":["GET"]}}],"collection":[{"href":"https:\/\/radomed.net\/sr\/wp-json\/wp\/v2\/product"}],"about":[{"href":"https:\/\/radomed.net\/sr\/wp-json\/wp\/v2\/types\/product"}],"wp:featuredmedia":[{"embeddable":true,"href":"https:\/\/radomed.net\/sr\/wp-json\/wp\/v2\/media\/1477"}],"wp:attachment":[{"href":"https:\/\/radomed.net\/sr\/wp-json\/wp\/v2\/media?parent=1476"}],"wp:term":[{"taxonomy":"product_brand","embeddable":true,"href":"https:\/\/radomed.net\/sr\/wp-json\/wp\/v2\/product_brand?post=1476"},{"taxonomy":"product_cat","embeddable":true,"href":"https:\/\/radomed.net\/sr\/wp-json\/wp\/v2\/product_cat?post=1476"},{"taxonomy":"product_tag","embeddable":true,"href":"https:\/\/radomed.net\/sr\/wp-json\/wp\/v2\/product_tag?post=1476"}],"curies":[{"name":"wp","href":"https:\/\/api.w.org\/{rel}","templated":true}]}}