{"id":1498,"date":"2025-08-26T07:56:35","date_gmt":"2025-08-26T07:56:35","guid":{"rendered":"https:\/\/radomed.net\/?post_type=product&#038;p=1498"},"modified":"2025-10-14T12:35:27","modified_gmt":"2025-10-14T12:35:27","slug":"dimilica-cr-o-100mm","status":"publish","type":"product","link":"https:\/\/radomed.net\/sr\/proizvodi\/dimilica-cr-o-100mm\/","title":{"rendered":"Dimilica [Cr] (\u00d8 100mm)"},"content":{"rendered":"<p>Dimilica je izra\u0111ena od prohroma sa pre\u010dnikom od 100mm.<\/p>\n<p>Meh dimilice je izra\u0111en od kvalitetne izdr\u017eljive ko\u017ee. Unutra\u0161njost dimilice odnosno lo\u017ei\u0161te je tako\u0111e izra\u0111eno od prohroma i nudi odli\u010dno strujanje vazduha.<\/p>\n<p>Oko tela dimilice se nalazi mre\u017ea koja spre\u010dava opekotine koje bi ina\u010de mogle da nastanu prilikom kori\u0161\u0107enja, tako\u0111e tu se nalazi kuka te je dimilicu mogu\u0107e oka\u010diti i tako odlo\u017eiti privremeno u toku rada. <\/p>\n<p>Poklopac dimilice ima zglob prilikom zatvaradja i otvaranja tako da se ne\u0107e desiti da se slu\u010dajno otvori a tu je i kukica koja vam daje mogu\u0107nost lak\u0161eg otvaranja i zatvaranja poklopca.<\/p>\n<p>P\u010delarska dimilica je visine 260 mm.<\/p>\n","protected":false},"excerpt":{"rendered":"<p>Dimilica je izra\u0111ena od prohroma sa pre\u010dnikom od 100mm. Meh dimilice je izra\u0111en od kvalitetne izdr\u017eljive ko\u017ee. Unutra\u0161njost dimilice odnosno lo\u017ei\u0161te je tako\u0111e izra\u0111eno od prohroma i nudi odli\u010dno strujanje vazduha. Oko tela dimilice se nalazi mre\u017ea koja spre\u010dava opekotine koje bi ina\u010de mogle da nastanu prilikom kori\u0161\u0107enja, tako\u0111e tu se nalazi kuka te je [&hellip;]<\/p>\n","protected":false},"featured_media":1494,"template":"","meta":{"_et_pb_use_builder":"","_et_pb_old_content":"","_et_gb_content_width":""},"product_brand":[],"product_cat":[35,25],"product_tag":[],"class_list":{"0":"post-1498","1":"product","2":"type-product","3":"status-publish","4":"has-post-thumbnail","6":"product_cat-pribor-i-alati","7":"product_cat-zastitna-sredstva","9":"first","10":"instock","11":"shipping-taxable","12":"product-type-simple"},"yoast_head":"<!-- This site is optimized with the Yoast SEO plugin v26.4 - https:\/\/yoast.com\/wordpress\/plugins\/seo\/ -->\n<title>Dimilica [Cr] (\u00d8 100mm) - RadoMed<\/title>\n<meta name=\"robots\" content=\"index, follow, max-snippet:-1, max-image-preview:large, max-video-preview:-1\" \/>\n<link rel=\"canonical\" href=\"https:\/\/radomed.net\/sr\/proizvodi\/dimilica-cr-o-100mm\/\" \/>\n<meta property=\"og:locale\" content=\"en_US\" \/>\n<meta property=\"og:type\" content=\"article\" \/>\n<meta property=\"og:title\" content=\"Dimilica [Cr] (\u00d8 100mm) - RadoMed\" \/>\n<meta property=\"og:description\" content=\"Dimilica je izra\u0111ena od prohroma sa pre\u010dnikom od 100mm. Meh dimilice je izra\u0111en od kvalitetne izdr\u017eljive ko\u017ee. Unutra\u0161njost dimilice odnosno lo\u017ei\u0161te je tako\u0111e izra\u0111eno od prohroma i nudi odli\u010dno strujanje vazduha. Oko tela dimilice se nalazi mre\u017ea koja spre\u010dava opekotine koje bi ina\u010de mogle da nastanu prilikom kori\u0161\u0107enja, tako\u0111e tu se nalazi kuka te je [&hellip;]\" \/>\n<meta property=\"og:url\" content=\"https:\/\/radomed.net\/sr\/proizvodi\/dimilica-cr-o-100mm\/\" \/>\n<meta property=\"og:site_name\" content=\"RadoMed\" \/>\n<meta property=\"article:modified_time\" content=\"2025-10-14T12:35:27+00:00\" \/>\n<meta property=\"og:image\" content=\"http:\/\/radomed.net\/wp-content\/uploads\/2025\/08\/dimilica_cr.webp\" \/>\n\t<meta property=\"og:image:width\" content=\"800\" \/>\n\t<meta property=\"og:image:height\" content=\"800\" \/>\n\t<meta property=\"og:image:type\" content=\"image\/webp\" \/>\n<meta name=\"twitter:card\" content=\"summary_large_image\" \/>\n<meta name=\"twitter:label1\" content=\"Est. reading time\" \/>\n\t<meta name=\"twitter:data1\" content=\"1 minute\" \/>\n<script type=\"application\/ld+json\" class=\"yoast-schema-graph\">{\"@context\":\"https:\/\/schema.org\",\"@graph\":[{\"@type\":\"WebPage\",\"@id\":\"https:\/\/radomed.net\/sr\/proizvodi\/dimilica-cr-o-100mm\/\",\"url\":\"https:\/\/radomed.net\/sr\/proizvodi\/dimilica-cr-o-100mm\/\",\"name\":\"Dimilica [Cr] (\u00d8 100mm) - RadoMed\",\"isPartOf\":{\"@id\":\"https:\/\/radomed.net\/#website\"},\"primaryImageOfPage\":{\"@id\":\"https:\/\/radomed.net\/sr\/proizvodi\/dimilica-cr-o-100mm\/#primaryimage\"},\"image\":{\"@id\":\"https:\/\/radomed.net\/sr\/proizvodi\/dimilica-cr-o-100mm\/#primaryimage\"},\"thumbnailUrl\":\"https:\/\/radomed.net\/wp-content\/uploads\/2025\/08\/dimilica_cr.webp\",\"datePublished\":\"2025-08-26T07:56:35+00:00\",\"dateModified\":\"2025-10-14T12:35:27+00:00\",\"breadcrumb\":{\"@id\":\"https:\/\/radomed.net\/sr\/proizvodi\/dimilica-cr-o-100mm\/#breadcrumb\"},\"inLanguage\":\"en-US\",\"potentialAction\":[{\"@type\":\"ReadAction\",\"target\":[\"https:\/\/radomed.net\/sr\/proizvodi\/dimilica-cr-o-100mm\/\"]}]},{\"@type\":\"ImageObject\",\"inLanguage\":\"en-US\",\"@id\":\"https:\/\/radomed.net\/sr\/proizvodi\/dimilica-cr-o-100mm\/#primaryimage\",\"url\":\"https:\/\/radomed.net\/wp-content\/uploads\/2025\/08\/dimilica_cr.webp\",\"contentUrl\":\"https:\/\/radomed.net\/wp-content\/uploads\/2025\/08\/dimilica_cr.webp\",\"width\":800,\"height\":800},{\"@type\":\"BreadcrumbList\",\"@id\":\"https:\/\/radomed.net\/sr\/proizvodi\/dimilica-cr-o-100mm\/#breadcrumb\",\"itemListElement\":[{\"@type\":\"ListItem\",\"position\":1,\"name\":\"Po\u010detna\",\"item\":\"https:\/\/radomed.net\/\"},{\"@type\":\"ListItem\",\"position\":2,\"name\":\"Proizvodi\",\"item\":\"https:\/\/radomed.net\/proizvodi\/\"},{\"@type\":\"ListItem\",\"position\":3,\"name\":\"Za\u0161titna sredstva\",\"item\":\"https:\/\/radomed.net\/sr\/katalog\/zastitna-sredstva\/\"},{\"@type\":\"ListItem\",\"position\":4,\"name\":\"Dimilica [Cr] (\u00d8 100mm)\"}]},{\"@type\":\"WebSite\",\"@id\":\"https:\/\/radomed.net\/#website\",\"url\":\"https:\/\/radomed.net\/\",\"name\":\"RadoMed\",\"description\":\"Sve za p\u010delarstvo na jednom mestu\",\"potentialAction\":[{\"@type\":\"SearchAction\",\"target\":{\"@type\":\"EntryPoint\",\"urlTemplate\":\"https:\/\/radomed.net\/?s={search_term_string}\"},\"query-input\":{\"@type\":\"PropertyValueSpecification\",\"valueRequired\":true,\"valueName\":\"search_term_string\"}}],\"inLanguage\":\"en-US\"}]}<\/script>\n<!-- \/ Yoast SEO plugin. -->","yoast_head_json":{"title":"Dimilica [Cr] (\u00d8 100mm) - RadoMed","robots":{"index":"index","follow":"follow","max-snippet":"max-snippet:-1","max-image-preview":"max-image-preview:large","max-video-preview":"max-video-preview:-1"},"canonical":"https:\/\/radomed.net\/sr\/proizvodi\/dimilica-cr-o-100mm\/","og_locale":"en_US","og_type":"article","og_title":"Dimilica [Cr] (\u00d8 100mm) - RadoMed","og_description":"Dimilica je izra\u0111ena od prohroma sa pre\u010dnikom od 100mm. Meh dimilice je izra\u0111en od kvalitetne izdr\u017eljive ko\u017ee. Unutra\u0161njost dimilice odnosno lo\u017ei\u0161te je tako\u0111e izra\u0111eno od prohroma i nudi odli\u010dno strujanje vazduha. Oko tela dimilice se nalazi mre\u017ea koja spre\u010dava opekotine koje bi ina\u010de mogle da nastanu prilikom kori\u0161\u0107enja, tako\u0111e tu se nalazi kuka te je [&hellip;]","og_url":"https:\/\/radomed.net\/sr\/proizvodi\/dimilica-cr-o-100mm\/","og_site_name":"RadoMed","article_modified_time":"2025-10-14T12:35:27+00:00","og_image":[{"width":800,"height":800,"url":"http:\/\/radomed.net\/wp-content\/uploads\/2025\/08\/dimilica_cr.webp","type":"image\/webp"}],"twitter_card":"summary_large_image","twitter_misc":{"Est. reading time":"1 minute"},"schema":{"@context":"https:\/\/schema.org","@graph":[{"@type":"WebPage","@id":"https:\/\/radomed.net\/sr\/proizvodi\/dimilica-cr-o-100mm\/","url":"https:\/\/radomed.net\/sr\/proizvodi\/dimilica-cr-o-100mm\/","name":"Dimilica [Cr] (\u00d8 100mm) - RadoMed","isPartOf":{"@id":"https:\/\/radomed.net\/#website"},"primaryImageOfPage":{"@id":"https:\/\/radomed.net\/sr\/proizvodi\/dimilica-cr-o-100mm\/#primaryimage"},"image":{"@id":"https:\/\/radomed.net\/sr\/proizvodi\/dimilica-cr-o-100mm\/#primaryimage"},"thumbnailUrl":"https:\/\/radomed.net\/wp-content\/uploads\/2025\/08\/dimilica_cr.webp","datePublished":"2025-08-26T07:56:35+00:00","dateModified":"2025-10-14T12:35:27+00:00","breadcrumb":{"@id":"https:\/\/radomed.net\/sr\/proizvodi\/dimilica-cr-o-100mm\/#breadcrumb"},"inLanguage":"en-US","potentialAction":[{"@type":"ReadAction","target":["https:\/\/radomed.net\/sr\/proizvodi\/dimilica-cr-o-100mm\/"]}]},{"@type":"ImageObject","inLanguage":"en-US","@id":"https:\/\/radomed.net\/sr\/proizvodi\/dimilica-cr-o-100mm\/#primaryimage","url":"https:\/\/radomed.net\/wp-content\/uploads\/2025\/08\/dimilica_cr.webp","contentUrl":"https:\/\/radomed.net\/wp-content\/uploads\/2025\/08\/dimilica_cr.webp","width":800,"height":800},{"@type":"BreadcrumbList","@id":"https:\/\/radomed.net\/sr\/proizvodi\/dimilica-cr-o-100mm\/#breadcrumb","itemListElement":[{"@type":"ListItem","position":1,"name":"Po\u010detna","item":"https:\/\/radomed.net\/"},{"@type":"ListItem","position":2,"name":"Proizvodi","item":"https:\/\/radomed.net\/proizvodi\/"},{"@type":"ListItem","position":3,"name":"Za\u0161titna sredstva","item":"https:\/\/radomed.net\/sr\/katalog\/zastitna-sredstva\/"},{"@type":"ListItem","position":4,"name":"Dimilica [Cr] (\u00d8 100mm)"}]},{"@type":"WebSite","@id":"https:\/\/radomed.net\/#website","url":"https:\/\/radomed.net\/","name":"RadoMed","description":"Sve za p\u010delarstvo na jednom mestu","potentialAction":[{"@type":"SearchAction","target":{"@type":"EntryPoint","urlTemplate":"https:\/\/radomed.net\/?s={search_term_string}"},"query-input":{"@type":"PropertyValueSpecification","valueRequired":true,"valueName":"search_term_string"}}],"inLanguage":"en-US"}]}},"_links":{"self":[{"href":"https:\/\/radomed.net\/sr\/wp-json\/wp\/v2\/product\/1498","targetHints":{"allow":["GET"]}}],"collection":[{"href":"https:\/\/radomed.net\/sr\/wp-json\/wp\/v2\/product"}],"about":[{"href":"https:\/\/radomed.net\/sr\/wp-json\/wp\/v2\/types\/product"}],"wp:featuredmedia":[{"embeddable":true,"href":"https:\/\/radomed.net\/sr\/wp-json\/wp\/v2\/media\/1494"}],"wp:attachment":[{"href":"https:\/\/radomed.net\/sr\/wp-json\/wp\/v2\/media?parent=1498"}],"wp:term":[{"taxonomy":"product_brand","embeddable":true,"href":"https:\/\/radomed.net\/sr\/wp-json\/wp\/v2\/product_brand?post=1498"},{"taxonomy":"product_cat","embeddable":true,"href":"https:\/\/radomed.net\/sr\/wp-json\/wp\/v2\/product_cat?post=1498"},{"taxonomy":"product_tag","embeddable":true,"href":"https:\/\/radomed.net\/sr\/wp-json\/wp\/v2\/product_tag?post=1498"}],"curies":[{"name":"wp","href":"https:\/\/api.w.org\/{rel}","templated":true}]}}