{"id":1526,"date":"2025-08-26T08:14:47","date_gmt":"2025-08-26T08:14:47","guid":{"rendered":"https:\/\/radomed.net\/?post_type=product&#038;p=1526"},"modified":"2025-10-14T08:08:24","modified_gmt":"2025-10-14T08:08:24","slug":"hranilica-pp-0-7l","status":"publish","type":"product","link":"https:\/\/radomed.net\/sr\/proizvodi\/hranilica-pp-0-7l\/","title":{"rendered":"Hranilica PP 0.7l"},"content":{"rendered":"<p>Klasi\u010dna hranilica za p\u010dele \u2013 zapremine 0,7l, odgovara svim tipovima ko\u0161nica.<\/p>\n<p>Izra\u0111ena od PS materijala dozvoljenog za primenu u prehrambenoj industriji.<\/p>\n<p><strong>Prednosti:<\/strong><\/p>\n<ul>\n<li>Najprodavaniji artikal 2016. godine,<\/li>\n<li>Jedinstvena na tr\u017ei\u0161tu zahvaljuju\u0107i \u0161arkicama na poklopcima koje olak\u0161avaju upotrebu,<\/li>\n<li>Smanjena mogu\u0107nost lomljenja i gubljenja poklopaca,<\/li>\n<li>Sertifikat o zdravstvenoj ispravnosti \u2013 IZJZ \u0106uprija.<\/li>\n<\/ul>\n<p><strong>Namena:<\/strong><\/p>\n<ul>\n<li>Koristi se kao dodatak zbegu ili umesto zbega za prihranjivanje p\u010dela,<\/li>\n<li>Ovaj model je predvi\u0111en za postavljanje u zbeg ko\u0161nice.<\/li>\n<\/ul>\n","protected":false},"excerpt":{"rendered":"<p>Klasi\u010dna hranilica za p\u010dele \u2013 zapremine 0,7l, odgovara svim tipovima ko\u0161nica. Izra\u0111ena od PS materijala dozvoljenog za primenu u prehrambenoj industriji. Prednosti: Najprodavaniji artikal 2016. godine, Jedinstvena na tr\u017ei\u0161tu zahvaljuju\u0107i \u0161arkicama na poklopcima koje olak\u0161avaju upotrebu, Smanjena mogu\u0107nost lomljenja i gubljenja poklopaca, Sertifikat o zdravstvenoj ispravnosti \u2013 IZJZ \u0106uprija. Namena: Koristi se kao dodatak zbegu [&hellip;]<\/p>\n","protected":false},"featured_media":1630,"template":"","meta":{"_et_pb_use_builder":"","_et_pb_old_content":"","_et_gb_content_width":""},"product_brand":[],"product_cat":[34],"product_tag":[],"class_list":{"0":"post-1526","1":"product","2":"type-product","3":"status-publish","4":"has-post-thumbnail","6":"product_cat-program-od-plastike","8":"first","9":"instock","10":"shipping-taxable","11":"product-type-simple"},"yoast_head":"<!-- This site is optimized with the Yoast SEO plugin v26.4 - https:\/\/yoast.com\/wordpress\/plugins\/seo\/ -->\n<title>Hranilica PP 0.7l - RadoMed<\/title>\n<meta name=\"robots\" content=\"index, follow, max-snippet:-1, max-image-preview:large, max-video-preview:-1\" \/>\n<link rel=\"canonical\" href=\"https:\/\/radomed.net\/sr\/proizvodi\/hranilica-pp-0-7l\/\" \/>\n<meta property=\"og:locale\" content=\"en_US\" \/>\n<meta property=\"og:type\" content=\"article\" \/>\n<meta property=\"og:title\" content=\"Hranilica PP 0.7l - RadoMed\" \/>\n<meta property=\"og:description\" content=\"Klasi\u010dna hranilica za p\u010dele \u2013 zapremine 0,7l, odgovara svim tipovima ko\u0161nica. Izra\u0111ena od PS materijala dozvoljenog za primenu u prehrambenoj industriji. Prednosti: Najprodavaniji artikal 2016. godine, Jedinstvena na tr\u017ei\u0161tu zahvaljuju\u0107i \u0161arkicama na poklopcima koje olak\u0161avaju upotrebu, Smanjena mogu\u0107nost lomljenja i gubljenja poklopaca, Sertifikat o zdravstvenoj ispravnosti \u2013 IZJZ \u0106uprija. Namena: Koristi se kao dodatak zbegu [&hellip;]\" \/>\n<meta property=\"og:url\" content=\"https:\/\/radomed.net\/sr\/proizvodi\/hranilica-pp-0-7l\/\" \/>\n<meta property=\"og:site_name\" content=\"RadoMed\" \/>\n<meta property=\"article:modified_time\" content=\"2025-10-14T08:08:24+00:00\" \/>\n<meta property=\"og:image\" content=\"http:\/\/radomed.net\/wp-content\/uploads\/2025\/10\/hranilica_1500ml.webp\" \/>\n\t<meta property=\"og:image:width\" content=\"800\" \/>\n\t<meta property=\"og:image:height\" content=\"800\" \/>\n\t<meta property=\"og:image:type\" content=\"image\/webp\" \/>\n<meta name=\"twitter:card\" content=\"summary_large_image\" \/>\n<meta name=\"twitter:label1\" content=\"Est. reading time\" \/>\n\t<meta name=\"twitter:data1\" content=\"1 minute\" \/>\n<script type=\"application\/ld+json\" class=\"yoast-schema-graph\">{\"@context\":\"https:\/\/schema.org\",\"@graph\":[{\"@type\":\"WebPage\",\"@id\":\"https:\/\/radomed.net\/sr\/proizvodi\/hranilica-pp-0-7l\/\",\"url\":\"https:\/\/radomed.net\/sr\/proizvodi\/hranilica-pp-0-7l\/\",\"name\":\"Hranilica PP 0.7l - RadoMed\",\"isPartOf\":{\"@id\":\"https:\/\/radomed.net\/#website\"},\"primaryImageOfPage\":{\"@id\":\"https:\/\/radomed.net\/sr\/proizvodi\/hranilica-pp-0-7l\/#primaryimage\"},\"image\":{\"@id\":\"https:\/\/radomed.net\/sr\/proizvodi\/hranilica-pp-0-7l\/#primaryimage\"},\"thumbnailUrl\":\"https:\/\/radomed.net\/wp-content\/uploads\/2025\/10\/hranilica_1500ml.webp\",\"datePublished\":\"2025-08-26T08:14:47+00:00\",\"dateModified\":\"2025-10-14T08:08:24+00:00\",\"breadcrumb\":{\"@id\":\"https:\/\/radomed.net\/sr\/proizvodi\/hranilica-pp-0-7l\/#breadcrumb\"},\"inLanguage\":\"en-US\",\"potentialAction\":[{\"@type\":\"ReadAction\",\"target\":[\"https:\/\/radomed.net\/sr\/proizvodi\/hranilica-pp-0-7l\/\"]}]},{\"@type\":\"ImageObject\",\"inLanguage\":\"en-US\",\"@id\":\"https:\/\/radomed.net\/sr\/proizvodi\/hranilica-pp-0-7l\/#primaryimage\",\"url\":\"https:\/\/radomed.net\/wp-content\/uploads\/2025\/10\/hranilica_1500ml.webp\",\"contentUrl\":\"https:\/\/radomed.net\/wp-content\/uploads\/2025\/10\/hranilica_1500ml.webp\",\"width\":800,\"height\":800},{\"@type\":\"BreadcrumbList\",\"@id\":\"https:\/\/radomed.net\/sr\/proizvodi\/hranilica-pp-0-7l\/#breadcrumb\",\"itemListElement\":[{\"@type\":\"ListItem\",\"position\":1,\"name\":\"Po\u010detna\",\"item\":\"https:\/\/radomed.net\/\"},{\"@type\":\"ListItem\",\"position\":2,\"name\":\"Proizvodi\",\"item\":\"https:\/\/radomed.net\/proizvodi\/\"},{\"@type\":\"ListItem\",\"position\":3,\"name\":\"Program od plastike\",\"item\":\"https:\/\/radomed.net\/sr\/katalog\/program-od-plastike\/\"},{\"@type\":\"ListItem\",\"position\":4,\"name\":\"Hranilica PP 0.7l\"}]},{\"@type\":\"WebSite\",\"@id\":\"https:\/\/radomed.net\/#website\",\"url\":\"https:\/\/radomed.net\/\",\"name\":\"RadoMed\",\"description\":\"Sve za p\u010delarstvo na jednom mestu\",\"potentialAction\":[{\"@type\":\"SearchAction\",\"target\":{\"@type\":\"EntryPoint\",\"urlTemplate\":\"https:\/\/radomed.net\/?s={search_term_string}\"},\"query-input\":{\"@type\":\"PropertyValueSpecification\",\"valueRequired\":true,\"valueName\":\"search_term_string\"}}],\"inLanguage\":\"en-US\"}]}<\/script>\n<!-- \/ Yoast SEO plugin. -->","yoast_head_json":{"title":"Hranilica PP 0.7l - RadoMed","robots":{"index":"index","follow":"follow","max-snippet":"max-snippet:-1","max-image-preview":"max-image-preview:large","max-video-preview":"max-video-preview:-1"},"canonical":"https:\/\/radomed.net\/sr\/proizvodi\/hranilica-pp-0-7l\/","og_locale":"en_US","og_type":"article","og_title":"Hranilica PP 0.7l - RadoMed","og_description":"Klasi\u010dna hranilica za p\u010dele \u2013 zapremine 0,7l, odgovara svim tipovima ko\u0161nica. Izra\u0111ena od PS materijala dozvoljenog za primenu u prehrambenoj industriji. Prednosti: Najprodavaniji artikal 2016. godine, Jedinstvena na tr\u017ei\u0161tu zahvaljuju\u0107i \u0161arkicama na poklopcima koje olak\u0161avaju upotrebu, Smanjena mogu\u0107nost lomljenja i gubljenja poklopaca, Sertifikat o zdravstvenoj ispravnosti \u2013 IZJZ \u0106uprija. Namena: Koristi se kao dodatak zbegu [&hellip;]","og_url":"https:\/\/radomed.net\/sr\/proizvodi\/hranilica-pp-0-7l\/","og_site_name":"RadoMed","article_modified_time":"2025-10-14T08:08:24+00:00","og_image":[{"width":800,"height":800,"url":"http:\/\/radomed.net\/wp-content\/uploads\/2025\/10\/hranilica_1500ml.webp","type":"image\/webp"}],"twitter_card":"summary_large_image","twitter_misc":{"Est. reading time":"1 minute"},"schema":{"@context":"https:\/\/schema.org","@graph":[{"@type":"WebPage","@id":"https:\/\/radomed.net\/sr\/proizvodi\/hranilica-pp-0-7l\/","url":"https:\/\/radomed.net\/sr\/proizvodi\/hranilica-pp-0-7l\/","name":"Hranilica PP 0.7l - RadoMed","isPartOf":{"@id":"https:\/\/radomed.net\/#website"},"primaryImageOfPage":{"@id":"https:\/\/radomed.net\/sr\/proizvodi\/hranilica-pp-0-7l\/#primaryimage"},"image":{"@id":"https:\/\/radomed.net\/sr\/proizvodi\/hranilica-pp-0-7l\/#primaryimage"},"thumbnailUrl":"https:\/\/radomed.net\/wp-content\/uploads\/2025\/10\/hranilica_1500ml.webp","datePublished":"2025-08-26T08:14:47+00:00","dateModified":"2025-10-14T08:08:24+00:00","breadcrumb":{"@id":"https:\/\/radomed.net\/sr\/proizvodi\/hranilica-pp-0-7l\/#breadcrumb"},"inLanguage":"en-US","potentialAction":[{"@type":"ReadAction","target":["https:\/\/radomed.net\/sr\/proizvodi\/hranilica-pp-0-7l\/"]}]},{"@type":"ImageObject","inLanguage":"en-US","@id":"https:\/\/radomed.net\/sr\/proizvodi\/hranilica-pp-0-7l\/#primaryimage","url":"https:\/\/radomed.net\/wp-content\/uploads\/2025\/10\/hranilica_1500ml.webp","contentUrl":"https:\/\/radomed.net\/wp-content\/uploads\/2025\/10\/hranilica_1500ml.webp","width":800,"height":800},{"@type":"BreadcrumbList","@id":"https:\/\/radomed.net\/sr\/proizvodi\/hranilica-pp-0-7l\/#breadcrumb","itemListElement":[{"@type":"ListItem","position":1,"name":"Po\u010detna","item":"https:\/\/radomed.net\/"},{"@type":"ListItem","position":2,"name":"Proizvodi","item":"https:\/\/radomed.net\/proizvodi\/"},{"@type":"ListItem","position":3,"name":"Program od plastike","item":"https:\/\/radomed.net\/sr\/katalog\/program-od-plastike\/"},{"@type":"ListItem","position":4,"name":"Hranilica PP 0.7l"}]},{"@type":"WebSite","@id":"https:\/\/radomed.net\/#website","url":"https:\/\/radomed.net\/","name":"RadoMed","description":"Sve za p\u010delarstvo na jednom mestu","potentialAction":[{"@type":"SearchAction","target":{"@type":"EntryPoint","urlTemplate":"https:\/\/radomed.net\/?s={search_term_string}"},"query-input":{"@type":"PropertyValueSpecification","valueRequired":true,"valueName":"search_term_string"}}],"inLanguage":"en-US"}]}},"_links":{"self":[{"href":"https:\/\/radomed.net\/sr\/wp-json\/wp\/v2\/product\/1526","targetHints":{"allow":["GET"]}}],"collection":[{"href":"https:\/\/radomed.net\/sr\/wp-json\/wp\/v2\/product"}],"about":[{"href":"https:\/\/radomed.net\/sr\/wp-json\/wp\/v2\/types\/product"}],"wp:featuredmedia":[{"embeddable":true,"href":"https:\/\/radomed.net\/sr\/wp-json\/wp\/v2\/media\/1630"}],"wp:attachment":[{"href":"https:\/\/radomed.net\/sr\/wp-json\/wp\/v2\/media?parent=1526"}],"wp:term":[{"taxonomy":"product_brand","embeddable":true,"href":"https:\/\/radomed.net\/sr\/wp-json\/wp\/v2\/product_brand?post=1526"},{"taxonomy":"product_cat","embeddable":true,"href":"https:\/\/radomed.net\/sr\/wp-json\/wp\/v2\/product_cat?post=1526"},{"taxonomy":"product_tag","embeddable":true,"href":"https:\/\/radomed.net\/sr\/wp-json\/wp\/v2\/product_tag?post=1526"}],"curies":[{"name":"wp","href":"https:\/\/api.w.org\/{rel}","templated":true}]}}