{"id":1656,"date":"2025-10-14T08:17:16","date_gmt":"2025-10-14T08:17:16","guid":{"rendered":"https:\/\/radomed.net\/?post_type=product&#038;p=1656"},"modified":"2025-10-14T08:17:30","modified_gmt":"2025-10-14T08:17:30","slug":"casica-sa-kapaljkom-i-zatvaracem-50ml","status":"publish","type":"product","link":"https:\/\/radomed.net\/sr\/proizvodi\/casica-sa-kapaljkom-i-zatvaracem-50ml\/","title":{"rendered":"\u010ca\u0161ica sa kapaljkom i zatvara\u010dem 50ml"},"content":{"rendered":"","protected":false},"excerpt":{"rendered":"","protected":false},"featured_media":1650,"template":"","meta":{"_et_pb_use_builder":"","_et_pb_old_content":"","_et_gb_content_width":""},"product_brand":[],"product_cat":[34],"product_tag":[],"class_list":{"0":"post-1656","1":"product","2":"type-product","3":"status-publish","4":"has-post-thumbnail","6":"product_cat-program-od-plastike","8":"first","9":"instock","10":"shipping-taxable","11":"product-type-simple"},"yoast_head":"<!-- This site is optimized with the Yoast SEO plugin v26.4 - https:\/\/yoast.com\/wordpress\/plugins\/seo\/ -->\n<title>\u010ca\u0161ica sa kapaljkom i zatvara\u010dem 50ml - RadoMed<\/title>\n<meta name=\"robots\" content=\"index, follow, max-snippet:-1, max-image-preview:large, max-video-preview:-1\" \/>\n<link rel=\"canonical\" href=\"https:\/\/radomed.net\/sr\/proizvodi\/casica-sa-kapaljkom-i-zatvaracem-50ml\/\" \/>\n<meta property=\"og:locale\" content=\"en_US\" \/>\n<meta property=\"og:type\" content=\"article\" \/>\n<meta property=\"og:title\" content=\"\u010ca\u0161ica sa kapaljkom i zatvara\u010dem 50ml - RadoMed\" \/>\n<meta property=\"og:url\" content=\"https:\/\/radomed.net\/sr\/proizvodi\/casica-sa-kapaljkom-i-zatvaracem-50ml\/\" \/>\n<meta property=\"og:site_name\" content=\"RadoMed\" \/>\n<meta property=\"article:modified_time\" content=\"2025-10-14T08:17:30+00:00\" \/>\n<meta property=\"og:image\" content=\"http:\/\/radomed.net\/wp-content\/uploads\/2025\/10\/flasica_sa_kapaljkom_i_zatvaracem_01.webp\" \/>\n\t<meta property=\"og:image:width\" content=\"800\" \/>\n\t<meta property=\"og:image:height\" content=\"800\" \/>\n\t<meta property=\"og:image:type\" content=\"image\/webp\" \/>\n<meta name=\"twitter:card\" content=\"summary_large_image\" \/>\n<meta name=\"twitter:label1\" content=\"Est. reading time\" \/>\n\t<meta name=\"twitter:data1\" content=\"1 minute\" \/>\n<script type=\"application\/ld+json\" class=\"yoast-schema-graph\">{\"@context\":\"https:\/\/schema.org\",\"@graph\":[{\"@type\":\"WebPage\",\"@id\":\"https:\/\/radomed.net\/sr\/proizvodi\/casica-sa-kapaljkom-i-zatvaracem-50ml\/\",\"url\":\"https:\/\/radomed.net\/sr\/proizvodi\/casica-sa-kapaljkom-i-zatvaracem-50ml\/\",\"name\":\"\u010ca\u0161ica sa kapaljkom i zatvara\u010dem 50ml - RadoMed\",\"isPartOf\":{\"@id\":\"https:\/\/radomed.net\/#website\"},\"primaryImageOfPage\":{\"@id\":\"https:\/\/radomed.net\/sr\/proizvodi\/casica-sa-kapaljkom-i-zatvaracem-50ml\/#primaryimage\"},\"image\":{\"@id\":\"https:\/\/radomed.net\/sr\/proizvodi\/casica-sa-kapaljkom-i-zatvaracem-50ml\/#primaryimage\"},\"thumbnailUrl\":\"https:\/\/radomed.net\/wp-content\/uploads\/2025\/10\/flasica_sa_kapaljkom_i_zatvaracem_01.webp\",\"datePublished\":\"2025-10-14T08:17:16+00:00\",\"dateModified\":\"2025-10-14T08:17:30+00:00\",\"breadcrumb\":{\"@id\":\"https:\/\/radomed.net\/sr\/proizvodi\/casica-sa-kapaljkom-i-zatvaracem-50ml\/#breadcrumb\"},\"inLanguage\":\"en-US\",\"potentialAction\":[{\"@type\":\"ReadAction\",\"target\":[\"https:\/\/radomed.net\/sr\/proizvodi\/casica-sa-kapaljkom-i-zatvaracem-50ml\/\"]}]},{\"@type\":\"ImageObject\",\"inLanguage\":\"en-US\",\"@id\":\"https:\/\/radomed.net\/sr\/proizvodi\/casica-sa-kapaljkom-i-zatvaracem-50ml\/#primaryimage\",\"url\":\"https:\/\/radomed.net\/wp-content\/uploads\/2025\/10\/flasica_sa_kapaljkom_i_zatvaracem_01.webp\",\"contentUrl\":\"https:\/\/radomed.net\/wp-content\/uploads\/2025\/10\/flasica_sa_kapaljkom_i_zatvaracem_01.webp\",\"width\":800,\"height\":800},{\"@type\":\"BreadcrumbList\",\"@id\":\"https:\/\/radomed.net\/sr\/proizvodi\/casica-sa-kapaljkom-i-zatvaracem-50ml\/#breadcrumb\",\"itemListElement\":[{\"@type\":\"ListItem\",\"position\":1,\"name\":\"Po\u010detna\",\"item\":\"https:\/\/radomed.net\/\"},{\"@type\":\"ListItem\",\"position\":2,\"name\":\"Proizvodi\",\"item\":\"https:\/\/radomed.net\/proizvodi\/\"},{\"@type\":\"ListItem\",\"position\":3,\"name\":\"Program od plastike\",\"item\":\"https:\/\/radomed.net\/sr\/katalog\/program-od-plastike\/\"},{\"@type\":\"ListItem\",\"position\":4,\"name\":\"\u010ca\u0161ica sa kapaljkom i zatvara\u010dem 50ml\"}]},{\"@type\":\"WebSite\",\"@id\":\"https:\/\/radomed.net\/#website\",\"url\":\"https:\/\/radomed.net\/\",\"name\":\"RadoMed\",\"description\":\"Sve za p\u010delarstvo na jednom mestu\",\"potentialAction\":[{\"@type\":\"SearchAction\",\"target\":{\"@type\":\"EntryPoint\",\"urlTemplate\":\"https:\/\/radomed.net\/?s={search_term_string}\"},\"query-input\":{\"@type\":\"PropertyValueSpecification\",\"valueRequired\":true,\"valueName\":\"search_term_string\"}}],\"inLanguage\":\"en-US\"}]}<\/script>\n<!-- \/ Yoast SEO plugin. -->","yoast_head_json":{"title":"\u010ca\u0161ica sa kapaljkom i zatvara\u010dem 50ml - RadoMed","robots":{"index":"index","follow":"follow","max-snippet":"max-snippet:-1","max-image-preview":"max-image-preview:large","max-video-preview":"max-video-preview:-1"},"canonical":"https:\/\/radomed.net\/sr\/proizvodi\/casica-sa-kapaljkom-i-zatvaracem-50ml\/","og_locale":"en_US","og_type":"article","og_title":"\u010ca\u0161ica sa kapaljkom i zatvara\u010dem 50ml - RadoMed","og_url":"https:\/\/radomed.net\/sr\/proizvodi\/casica-sa-kapaljkom-i-zatvaracem-50ml\/","og_site_name":"RadoMed","article_modified_time":"2025-10-14T08:17:30+00:00","og_image":[{"width":800,"height":800,"url":"http:\/\/radomed.net\/wp-content\/uploads\/2025\/10\/flasica_sa_kapaljkom_i_zatvaracem_01.webp","type":"image\/webp"}],"twitter_card":"summary_large_image","twitter_misc":{"Est. reading time":"1 minute"},"schema":{"@context":"https:\/\/schema.org","@graph":[{"@type":"WebPage","@id":"https:\/\/radomed.net\/sr\/proizvodi\/casica-sa-kapaljkom-i-zatvaracem-50ml\/","url":"https:\/\/radomed.net\/sr\/proizvodi\/casica-sa-kapaljkom-i-zatvaracem-50ml\/","name":"\u010ca\u0161ica sa kapaljkom i zatvara\u010dem 50ml - RadoMed","isPartOf":{"@id":"https:\/\/radomed.net\/#website"},"primaryImageOfPage":{"@id":"https:\/\/radomed.net\/sr\/proizvodi\/casica-sa-kapaljkom-i-zatvaracem-50ml\/#primaryimage"},"image":{"@id":"https:\/\/radomed.net\/sr\/proizvodi\/casica-sa-kapaljkom-i-zatvaracem-50ml\/#primaryimage"},"thumbnailUrl":"https:\/\/radomed.net\/wp-content\/uploads\/2025\/10\/flasica_sa_kapaljkom_i_zatvaracem_01.webp","datePublished":"2025-10-14T08:17:16+00:00","dateModified":"2025-10-14T08:17:30+00:00","breadcrumb":{"@id":"https:\/\/radomed.net\/sr\/proizvodi\/casica-sa-kapaljkom-i-zatvaracem-50ml\/#breadcrumb"},"inLanguage":"en-US","potentialAction":[{"@type":"ReadAction","target":["https:\/\/radomed.net\/sr\/proizvodi\/casica-sa-kapaljkom-i-zatvaracem-50ml\/"]}]},{"@type":"ImageObject","inLanguage":"en-US","@id":"https:\/\/radomed.net\/sr\/proizvodi\/casica-sa-kapaljkom-i-zatvaracem-50ml\/#primaryimage","url":"https:\/\/radomed.net\/wp-content\/uploads\/2025\/10\/flasica_sa_kapaljkom_i_zatvaracem_01.webp","contentUrl":"https:\/\/radomed.net\/wp-content\/uploads\/2025\/10\/flasica_sa_kapaljkom_i_zatvaracem_01.webp","width":800,"height":800},{"@type":"BreadcrumbList","@id":"https:\/\/radomed.net\/sr\/proizvodi\/casica-sa-kapaljkom-i-zatvaracem-50ml\/#breadcrumb","itemListElement":[{"@type":"ListItem","position":1,"name":"Po\u010detna","item":"https:\/\/radomed.net\/"},{"@type":"ListItem","position":2,"name":"Proizvodi","item":"https:\/\/radomed.net\/proizvodi\/"},{"@type":"ListItem","position":3,"name":"Program od plastike","item":"https:\/\/radomed.net\/sr\/katalog\/program-od-plastike\/"},{"@type":"ListItem","position":4,"name":"\u010ca\u0161ica sa kapaljkom i zatvara\u010dem 50ml"}]},{"@type":"WebSite","@id":"https:\/\/radomed.net\/#website","url":"https:\/\/radomed.net\/","name":"RadoMed","description":"Sve za p\u010delarstvo na jednom mestu","potentialAction":[{"@type":"SearchAction","target":{"@type":"EntryPoint","urlTemplate":"https:\/\/radomed.net\/?s={search_term_string}"},"query-input":{"@type":"PropertyValueSpecification","valueRequired":true,"valueName":"search_term_string"}}],"inLanguage":"en-US"}]}},"_links":{"self":[{"href":"https:\/\/radomed.net\/sr\/wp-json\/wp\/v2\/product\/1656","targetHints":{"allow":["GET"]}}],"collection":[{"href":"https:\/\/radomed.net\/sr\/wp-json\/wp\/v2\/product"}],"about":[{"href":"https:\/\/radomed.net\/sr\/wp-json\/wp\/v2\/types\/product"}],"wp:featuredmedia":[{"embeddable":true,"href":"https:\/\/radomed.net\/sr\/wp-json\/wp\/v2\/media\/1650"}],"wp:attachment":[{"href":"https:\/\/radomed.net\/sr\/wp-json\/wp\/v2\/media?parent=1656"}],"wp:term":[{"taxonomy":"product_brand","embeddable":true,"href":"https:\/\/radomed.net\/sr\/wp-json\/wp\/v2\/product_brand?post=1656"},{"taxonomy":"product_cat","embeddable":true,"href":"https:\/\/radomed.net\/sr\/wp-json\/wp\/v2\/product_cat?post=1656"},{"taxonomy":"product_tag","embeddable":true,"href":"https:\/\/radomed.net\/sr\/wp-json\/wp\/v2\/product_tag?post=1656"}],"curies":[{"name":"wp","href":"https:\/\/api.w.org\/{rel}","templated":true}]}}