{"id":1679,"date":"2025-10-14T08:40:29","date_gmt":"2025-10-14T08:40:29","guid":{"rendered":"https:\/\/radomed.net\/?post_type=product&#038;p=1679"},"modified":"2025-10-14T08:40:29","modified_gmt":"2025-10-14T08:40:29","slug":"mediste-kosnice-lr-fr","status":"publish","type":"product","link":"https:\/\/radomed.net\/sr\/proizvodi\/mediste-kosnice-lr-fr\/","title":{"rendered":"Medi\u0161te ko\u0161nice (LR) FR"},"content":{"rendered":"<p>Medi\u0161te LR ko\u0161nice odnosno farar nastavak je izradjen od su\u0161ene \u010damove daske, svi \u010dvorovi su sanirani, nastavci su spajani \u010de\u0161alj spojem \u0161to predstavlja jednu od naj\u010dvr\u0161\u0107ih veza, medi\u0161ta su lepljena lepkom I kovana klemaricama. Povr\u0161ina drveta odnosno farar nastavka ko\u0161nice je fino obradjena odnosno bru\u0161ena I spreman je za farbanje. Daska koja \u010dini sastav medi\u0161ta je debljine 20mm<br \/>\nSpoljne dimenzije farar nastavka su : 505x412x170mm<\/p>\n","protected":false},"excerpt":{"rendered":"<p>Medi\u0161te LR ko\u0161nice odnosno farar nastavak je izradjen od su\u0161ene \u010damove daske, svi \u010dvorovi su sanirani, nastavci su spajani \u010de\u0161alj spojem \u0161to predstavlja jednu od naj\u010dvr\u0161\u0107ih veza, medi\u0161ta su lepljena lepkom I kovana klemaricama. Povr\u0161ina drveta odnosno farar nastavka ko\u0161nice je fino obradjena odnosno bru\u0161ena I spreman je za farbanje. Daska koja \u010dini sastav medi\u0161ta [&hellip;]<\/p>\n","protected":false},"featured_media":1677,"template":"","meta":{"_et_pb_use_builder":"","_et_pb_old_content":"","_et_gb_content_width":""},"product_brand":[],"product_cat":[22],"product_tag":[],"class_list":{"0":"post-1679","1":"product","2":"type-product","3":"status-publish","4":"has-post-thumbnail","6":"product_cat-kosnice-i-njeni-delovi","8":"first","9":"instock","10":"shipping-taxable","11":"product-type-simple"},"yoast_head":"<!-- This site is optimized with the Yoast SEO plugin v26.4 - https:\/\/yoast.com\/wordpress\/plugins\/seo\/ -->\n<title>Medi\u0161te ko\u0161nice (LR) FR - RadoMed<\/title>\n<meta name=\"robots\" content=\"index, follow, max-snippet:-1, max-image-preview:large, max-video-preview:-1\" \/>\n<link rel=\"canonical\" href=\"https:\/\/radomed.net\/sr\/proizvodi\/mediste-kosnice-lr-fr\/\" \/>\n<meta property=\"og:locale\" content=\"en_US\" \/>\n<meta property=\"og:type\" content=\"article\" \/>\n<meta property=\"og:title\" content=\"Medi\u0161te ko\u0161nice (LR) FR - RadoMed\" \/>\n<meta property=\"og:description\" content=\"Medi\u0161te LR ko\u0161nice odnosno farar nastavak je izradjen od su\u0161ene \u010damove daske, svi \u010dvorovi su sanirani, nastavci su spajani \u010de\u0161alj spojem \u0161to predstavlja jednu od naj\u010dvr\u0161\u0107ih veza, medi\u0161ta su lepljena lepkom I kovana klemaricama. Povr\u0161ina drveta odnosno farar nastavka ko\u0161nice je fino obradjena odnosno bru\u0161ena I spreman je za farbanje. Daska koja \u010dini sastav medi\u0161ta [&hellip;]\" \/>\n<meta property=\"og:url\" content=\"https:\/\/radomed.net\/sr\/proizvodi\/mediste-kosnice-lr-fr\/\" \/>\n<meta property=\"og:site_name\" content=\"RadoMed\" \/>\n<meta property=\"og:image\" content=\"http:\/\/radomed.net\/wp-content\/uploads\/2025\/10\/mediste_kosnice.webp\" \/>\n\t<meta property=\"og:image:width\" content=\"800\" \/>\n\t<meta property=\"og:image:height\" content=\"800\" \/>\n\t<meta property=\"og:image:type\" content=\"image\/webp\" \/>\n<meta name=\"twitter:card\" content=\"summary_large_image\" \/>\n<meta name=\"twitter:label1\" content=\"Est. reading time\" \/>\n\t<meta name=\"twitter:data1\" content=\"1 minute\" \/>\n<script type=\"application\/ld+json\" class=\"yoast-schema-graph\">{\"@context\":\"https:\/\/schema.org\",\"@graph\":[{\"@type\":\"WebPage\",\"@id\":\"https:\/\/radomed.net\/sr\/proizvodi\/mediste-kosnice-lr-fr\/\",\"url\":\"https:\/\/radomed.net\/sr\/proizvodi\/mediste-kosnice-lr-fr\/\",\"name\":\"Medi\u0161te ko\u0161nice (LR) FR - RadoMed\",\"isPartOf\":{\"@id\":\"https:\/\/radomed.net\/#website\"},\"primaryImageOfPage\":{\"@id\":\"https:\/\/radomed.net\/sr\/proizvodi\/mediste-kosnice-lr-fr\/#primaryimage\"},\"image\":{\"@id\":\"https:\/\/radomed.net\/sr\/proizvodi\/mediste-kosnice-lr-fr\/#primaryimage\"},\"thumbnailUrl\":\"https:\/\/radomed.net\/wp-content\/uploads\/2025\/10\/mediste_kosnice.webp\",\"datePublished\":\"2025-10-14T08:40:29+00:00\",\"breadcrumb\":{\"@id\":\"https:\/\/radomed.net\/sr\/proizvodi\/mediste-kosnice-lr-fr\/#breadcrumb\"},\"inLanguage\":\"en-US\",\"potentialAction\":[{\"@type\":\"ReadAction\",\"target\":[\"https:\/\/radomed.net\/sr\/proizvodi\/mediste-kosnice-lr-fr\/\"]}]},{\"@type\":\"ImageObject\",\"inLanguage\":\"en-US\",\"@id\":\"https:\/\/radomed.net\/sr\/proizvodi\/mediste-kosnice-lr-fr\/#primaryimage\",\"url\":\"https:\/\/radomed.net\/wp-content\/uploads\/2025\/10\/mediste_kosnice.webp\",\"contentUrl\":\"https:\/\/radomed.net\/wp-content\/uploads\/2025\/10\/mediste_kosnice.webp\",\"width\":800,\"height\":800},{\"@type\":\"BreadcrumbList\",\"@id\":\"https:\/\/radomed.net\/sr\/proizvodi\/mediste-kosnice-lr-fr\/#breadcrumb\",\"itemListElement\":[{\"@type\":\"ListItem\",\"position\":1,\"name\":\"Po\u010detna\",\"item\":\"https:\/\/radomed.net\/\"},{\"@type\":\"ListItem\",\"position\":2,\"name\":\"Proizvodi\",\"item\":\"https:\/\/radomed.net\/proizvodi\/\"},{\"@type\":\"ListItem\",\"position\":3,\"name\":\"Ko\u0161nice i njeni delovi\",\"item\":\"https:\/\/radomed.net\/sr\/katalog\/kosnice-i-njeni-delovi\/\"},{\"@type\":\"ListItem\",\"position\":4,\"name\":\"Medi\u0161te ko\u0161nice (LR) FR\"}]},{\"@type\":\"WebSite\",\"@id\":\"https:\/\/radomed.net\/#website\",\"url\":\"https:\/\/radomed.net\/\",\"name\":\"RadoMed\",\"description\":\"Sve za p\u010delarstvo na jednom mestu\",\"potentialAction\":[{\"@type\":\"SearchAction\",\"target\":{\"@type\":\"EntryPoint\",\"urlTemplate\":\"https:\/\/radomed.net\/?s={search_term_string}\"},\"query-input\":{\"@type\":\"PropertyValueSpecification\",\"valueRequired\":true,\"valueName\":\"search_term_string\"}}],\"inLanguage\":\"en-US\"}]}<\/script>\n<!-- \/ Yoast SEO plugin. -->","yoast_head_json":{"title":"Medi\u0161te ko\u0161nice (LR) FR - RadoMed","robots":{"index":"index","follow":"follow","max-snippet":"max-snippet:-1","max-image-preview":"max-image-preview:large","max-video-preview":"max-video-preview:-1"},"canonical":"https:\/\/radomed.net\/sr\/proizvodi\/mediste-kosnice-lr-fr\/","og_locale":"en_US","og_type":"article","og_title":"Medi\u0161te ko\u0161nice (LR) FR - RadoMed","og_description":"Medi\u0161te LR ko\u0161nice odnosno farar nastavak je izradjen od su\u0161ene \u010damove daske, svi \u010dvorovi su sanirani, nastavci su spajani \u010de\u0161alj spojem \u0161to predstavlja jednu od naj\u010dvr\u0161\u0107ih veza, medi\u0161ta su lepljena lepkom I kovana klemaricama. Povr\u0161ina drveta odnosno farar nastavka ko\u0161nice je fino obradjena odnosno bru\u0161ena I spreman je za farbanje. Daska koja \u010dini sastav medi\u0161ta [&hellip;]","og_url":"https:\/\/radomed.net\/sr\/proizvodi\/mediste-kosnice-lr-fr\/","og_site_name":"RadoMed","og_image":[{"width":800,"height":800,"url":"http:\/\/radomed.net\/wp-content\/uploads\/2025\/10\/mediste_kosnice.webp","type":"image\/webp"}],"twitter_card":"summary_large_image","twitter_misc":{"Est. reading time":"1 minute"},"schema":{"@context":"https:\/\/schema.org","@graph":[{"@type":"WebPage","@id":"https:\/\/radomed.net\/sr\/proizvodi\/mediste-kosnice-lr-fr\/","url":"https:\/\/radomed.net\/sr\/proizvodi\/mediste-kosnice-lr-fr\/","name":"Medi\u0161te ko\u0161nice (LR) FR - RadoMed","isPartOf":{"@id":"https:\/\/radomed.net\/#website"},"primaryImageOfPage":{"@id":"https:\/\/radomed.net\/sr\/proizvodi\/mediste-kosnice-lr-fr\/#primaryimage"},"image":{"@id":"https:\/\/radomed.net\/sr\/proizvodi\/mediste-kosnice-lr-fr\/#primaryimage"},"thumbnailUrl":"https:\/\/radomed.net\/wp-content\/uploads\/2025\/10\/mediste_kosnice.webp","datePublished":"2025-10-14T08:40:29+00:00","breadcrumb":{"@id":"https:\/\/radomed.net\/sr\/proizvodi\/mediste-kosnice-lr-fr\/#breadcrumb"},"inLanguage":"en-US","potentialAction":[{"@type":"ReadAction","target":["https:\/\/radomed.net\/sr\/proizvodi\/mediste-kosnice-lr-fr\/"]}]},{"@type":"ImageObject","inLanguage":"en-US","@id":"https:\/\/radomed.net\/sr\/proizvodi\/mediste-kosnice-lr-fr\/#primaryimage","url":"https:\/\/radomed.net\/wp-content\/uploads\/2025\/10\/mediste_kosnice.webp","contentUrl":"https:\/\/radomed.net\/wp-content\/uploads\/2025\/10\/mediste_kosnice.webp","width":800,"height":800},{"@type":"BreadcrumbList","@id":"https:\/\/radomed.net\/sr\/proizvodi\/mediste-kosnice-lr-fr\/#breadcrumb","itemListElement":[{"@type":"ListItem","position":1,"name":"Po\u010detna","item":"https:\/\/radomed.net\/"},{"@type":"ListItem","position":2,"name":"Proizvodi","item":"https:\/\/radomed.net\/proizvodi\/"},{"@type":"ListItem","position":3,"name":"Ko\u0161nice i njeni delovi","item":"https:\/\/radomed.net\/sr\/katalog\/kosnice-i-njeni-delovi\/"},{"@type":"ListItem","position":4,"name":"Medi\u0161te ko\u0161nice (LR) FR"}]},{"@type":"WebSite","@id":"https:\/\/radomed.net\/#website","url":"https:\/\/radomed.net\/","name":"RadoMed","description":"Sve za p\u010delarstvo na jednom mestu","potentialAction":[{"@type":"SearchAction","target":{"@type":"EntryPoint","urlTemplate":"https:\/\/radomed.net\/?s={search_term_string}"},"query-input":{"@type":"PropertyValueSpecification","valueRequired":true,"valueName":"search_term_string"}}],"inLanguage":"en-US"}]}},"_links":{"self":[{"href":"https:\/\/radomed.net\/sr\/wp-json\/wp\/v2\/product\/1679","targetHints":{"allow":["GET"]}}],"collection":[{"href":"https:\/\/radomed.net\/sr\/wp-json\/wp\/v2\/product"}],"about":[{"href":"https:\/\/radomed.net\/sr\/wp-json\/wp\/v2\/types\/product"}],"wp:featuredmedia":[{"embeddable":true,"href":"https:\/\/radomed.net\/sr\/wp-json\/wp\/v2\/media\/1677"}],"wp:attachment":[{"href":"https:\/\/radomed.net\/sr\/wp-json\/wp\/v2\/media?parent=1679"}],"wp:term":[{"taxonomy":"product_brand","embeddable":true,"href":"https:\/\/radomed.net\/sr\/wp-json\/wp\/v2\/product_brand?post=1679"},{"taxonomy":"product_cat","embeddable":true,"href":"https:\/\/radomed.net\/sr\/wp-json\/wp\/v2\/product_cat?post=1679"},{"taxonomy":"product_tag","embeddable":true,"href":"https:\/\/radomed.net\/sr\/wp-json\/wp\/v2\/product_tag?post=1679"}],"curies":[{"name":"wp","href":"https:\/\/api.w.org\/{rel}","templated":true}]}}